{"id":803,"date":"2026-03-03T12:16:30","date_gmt":"2026-03-03T09:16:30","guid":{"rendered":"https:\/\/www.galerisuart.com.tr\/?page_id=803"},"modified":"2026-04-20T16:44:37","modified_gmt":"2026-04-20T13:44:37","slug":"nurettin-akkaya","status":"publish","type":"page","link":"https:\/\/www.galerisuart.com.tr\/index.php\/sanatcilar\/nurettin-akkaya\/","title":{"rendered":"Nurettin AKKAYA"},"content":{"rendered":"<style>.elementor-803 .elementor-element.elementor-element-7b13d121{--display:flex;--flex-direction:row;--container-widget-width:initial;--container-widget-height:100%;--container-widget-flex-grow:1;--container-widget-align-self:stretch;--flex-wrap-mobile:wrap;--gap:35px 35px;--row-gap:35px;--column-gap:35px;--margin-top:0em;--margin-bottom:0em;--margin-left:0em;--margin-right:0em;--padding-top:1em;--padding-bottom:1em;--padding-left:1em;--padding-right:1em;}.elementor-803 .elementor-element.elementor-element-6c40089c{--display:flex;}.elementor-803 .elementor-element.elementor-element-7a6dbd8b img{width:100%;max-width:100%;height:66vh;object-fit:cover;object-position:center right;}.elementor-803 .elementor-element.elementor-element-360d57e1{--display:flex;--justify-content:flex-end;}.elementor-803 .elementor-element.elementor-element-5ea74fbc .elementor-heading-title{font-family:\"Poiret One\", Sans-serif;font-size:3.7rem;font-weight:600;line-height:1.2em;}.elementor-803 .elementor-element.elementor-element-5ea74fbc{width:var( --container-widget-width, 89% );max-width:89%;--container-widget-width:89%;--container-widget-flex-grow:0;}.elementor-803 .elementor-element.elementor-element-7cec2b0{--display:flex;--flex-direction:column;--container-widget-width:100%;--container-widget-height:initial;--container-widget-flex-grow:0;--container-widget-align-self:initial;--flex-wrap-mobile:wrap;}.elementor-803 .elementor-element.elementor-element-7cec2b0:not(.elementor-motion-effects-element-type-background), .elementor-803 .elementor-element.elementor-element-7cec2b0 > .elementor-motion-effects-container > .elementor-motion-effects-layer{background-color:#000000;}.elementor-803 .elementor-element.elementor-element-9a7a7e0{--spacer-size:50px;}.elementor-803 .elementor-element.elementor-element-9b5332f{--display:grid;--e-con-grid-template-columns:repeat(4, 1fr);--e-con-grid-template-rows:repeat(2, 1fr);--gap:15px 15px;--row-gap:15px;--column-gap:15px;--grid-auto-flow:row;}.elementor-803 .elementor-element.elementor-element-9b5332f.e-con{--flex-grow:0;--flex-shrink:0;}.elementor-803 .elementor-element.elementor-element-cef88d3{--display:flex;--min-height:150px;--justify-content:flex-start;--gap:0px 0px;--row-gap:0px;--column-gap:0px;--overlay-opacity:1;box-shadow:0px 0px 10px 0px rgba(255, 255, 255, 0.74);--padding-top:23px;--padding-bottom:23px;--padding-left:23px;--padding-right:23px;}.elementor-803 .elementor-element.elementor-element-cef88d3::before, .elementor-803 .elementor-element.elementor-element-cef88d3 > .elementor-background-video-container::before, .elementor-803 .elementor-element.elementor-element-cef88d3 > .e-con-inner > .elementor-background-video-container::before, .elementor-803 .elementor-element.elementor-element-cef88d3 > .elementor-background-slideshow::before, .elementor-803 .elementor-element.elementor-element-cef88d3 > .e-con-inner > .elementor-background-slideshow::before, .elementor-803 .elementor-element.elementor-element-cef88d3 > .elementor-motion-effects-container > .elementor-motion-effects-layer::before{--background-overlay:'';background-color:#D5D5D5;}.elementor-803 .elementor-element.elementor-element-cef88d3.e-con{--flex-grow:1;--flex-shrink:0;}.elementor-803 .elementor-element.elementor-element-e43942d img{width:100%;height:190px;object-fit:cover;object-position:center center;border-style:double;border-width:7px 7px 7px 7px;border-color:#000000;}.elementor-803 .elementor-element.elementor-element-ec79276 .elementor-heading-title{font-family:\"Montserrat\", Sans-serif;font-size:14px;font-weight:900;}.elementor-803 .elementor-element.elementor-element-50e1305{text-align:center;}.elementor-803 .elementor-element.elementor-element-50e1305 .elementor-heading-title{font-size:21px;font-weight:600;color:#000000;}.elementor-803 .elementor-element.elementor-element-c14d3a0{text-align:center;}.elementor-803 .elementor-element.elementor-element-c14d3a0 .elementor-heading-title{font-family:\"Trebuchet MS\", Sans-serif;font-size:14px;letter-spacing:-0.3px;color:#000000;}.elementor-803 .elementor-element.elementor-element-0f8a7f7{--display:flex;--min-height:150px;--justify-content:flex-start;--gap:0px 0px;--row-gap:0px;--column-gap:0px;--overlay-opacity:1;box-shadow:0px 0px 10px 0px rgba(255, 255, 255, 0.74);--padding-top:23px;--padding-bottom:23px;--padding-left:23px;--padding-right:23px;}.elementor-803 .elementor-element.elementor-element-0f8a7f7::before, .elementor-803 .elementor-element.elementor-element-0f8a7f7 > .elementor-background-video-container::before, .elementor-803 .elementor-element.elementor-element-0f8a7f7 > .e-con-inner > .elementor-background-video-container::before, .elementor-803 .elementor-element.elementor-element-0f8a7f7 > .elementor-background-slideshow::before, .elementor-803 .elementor-element.elementor-element-0f8a7f7 > .e-con-inner > .elementor-background-slideshow::before, .elementor-803 .elementor-element.elementor-element-0f8a7f7 > .elementor-motion-effects-container > .elementor-motion-effects-layer::before{--background-overlay:'';background-color:#D5D5D5;}.elementor-803 .elementor-element.elementor-element-0f8a7f7.e-con{--flex-grow:1;--flex-shrink:0;}.elementor-803 .elementor-element.elementor-element-0424778 img{width:100%;height:190px;object-fit:cover;object-position:center center;border-style:double;border-width:7px 7px 7px 7px;border-color:#000000;}.elementor-803 .elementor-element.elementor-element-78d99a5 .elementor-heading-title{font-family:\"Montserrat\", Sans-serif;font-size:14px;font-weight:900;}.elementor-803 .elementor-element.elementor-element-34eb684{text-align:center;}.elementor-803 .elementor-element.elementor-element-34eb684 .elementor-heading-title{font-size:21px;font-weight:600;color:#000000;}.elementor-803 .elementor-element.elementor-element-358822f{text-align:center;}.elementor-803 .elementor-element.elementor-element-358822f .elementor-heading-title{font-family:\"Trebuchet MS\", Sans-serif;font-size:14px;letter-spacing:-0.3px;color:#000000;}.elementor-803 .elementor-element.elementor-element-a45291e{--display:flex;--min-height:150px;--justify-content:flex-start;--gap:0px 0px;--row-gap:0px;--column-gap:0px;--overlay-opacity:1;box-shadow:0px 0px 10px 0px rgba(255, 255, 255, 0.74);--padding-top:23px;--padding-bottom:23px;--padding-left:23px;--padding-right:23px;}.elementor-803 .elementor-element.elementor-element-a45291e::before, .elementor-803 .elementor-element.elementor-element-a45291e > .elementor-background-video-container::before, .elementor-803 .elementor-element.elementor-element-a45291e > .e-con-inner > .elementor-background-video-container::before, .elementor-803 .elementor-element.elementor-element-a45291e > .elementor-background-slideshow::before, .elementor-803 .elementor-element.elementor-element-a45291e > .e-con-inner > .elementor-background-slideshow::before, .elementor-803 .elementor-element.elementor-element-a45291e > .elementor-motion-effects-container > .elementor-motion-effects-layer::before{--background-overlay:'';background-color:#D5D5D5;}.elementor-803 .elementor-element.elementor-element-a45291e.e-con{--flex-grow:1;--flex-shrink:0;}.elementor-803 .elementor-element.elementor-element-5e30eb4 img{width:100%;height:190px;object-fit:cover;object-position:center center;border-style:double;border-width:7px 7px 7px 7px;border-color:#000000;}.elementor-803 .elementor-element.elementor-element-07d0702 .elementor-heading-title{font-family:\"Montserrat\", Sans-serif;font-size:14px;font-weight:900;}.elementor-803 .elementor-element.elementor-element-0c0c67f{text-align:center;}.elementor-803 .elementor-element.elementor-element-0c0c67f .elementor-heading-title{font-size:21px;font-weight:600;color:#000000;}.elementor-803 .elementor-element.elementor-element-157e922{text-align:center;}.elementor-803 .elementor-element.elementor-element-157e922 .elementor-heading-title{font-family:\"Trebuchet MS\", Sans-serif;font-size:14px;letter-spacing:-0.3px;color:#000000;}@media(max-width:1024px){.elementor-803 .elementor-element.elementor-element-7b13d121{--flex-direction:column;--container-widget-width:100%;--container-widget-height:initial;--container-widget-flex-grow:0;--container-widget-align-self:initial;--flex-wrap-mobile:wrap;--margin-top:0em;--margin-bottom:0em;--margin-left:0em;--margin-right:0em;--padding-top:0em;--padding-bottom:3em;--padding-left:1em;--padding-right:1em;}.elementor-803 .elementor-element.elementor-element-7a6dbd8b img{height:53vh;object-position:top left;}.elementor-803 .elementor-element.elementor-element-5ea74fbc .elementor-heading-title{font-size:3.5rem;line-height:1.2em;}.elementor-803 .elementor-element.elementor-element-9b5332f{--grid-auto-flow:row;}}@media(max-width:767px){.elementor-803 .elementor-element.elementor-element-7b13d121{--width:100%;}.elementor-803 .elementor-element.elementor-element-6c40089c{--width:100%;}.elementor-803 .elementor-element.elementor-element-7a6dbd8b img{height:57vh;object-position:center center;}.elementor-803 .elementor-element.elementor-element-5ea74fbc .elementor-heading-title{font-size:2.5rem;line-height:1.2em;}.elementor-803 .elementor-element.elementor-element-5ea74fbc{--container-widget-width:100%;--container-widget-flex-grow:0;width:var( --container-widget-width, 100% );max-width:100%;}.elementor-803 .elementor-element.elementor-element-9b5332f{--e-con-grid-template-columns:repeat(1, 1fr);--grid-auto-flow:row;}}@media(min-width:768px){.elementor-803 .elementor-element.elementor-element-6c40089c{--width:50%;}.elementor-803 .elementor-element.elementor-element-360d57e1{--width:50%;}.elementor-803 .elementor-element.elementor-element-7cec2b0{--content-width:95%;}.elementor-803 .elementor-element.elementor-element-9b5332f{--width:100%;}}@media(max-width:1024px) and (min-width:768px){.elementor-803 .elementor-element.elementor-element-6c40089c{--width:100%;}.elementor-803 .elementor-element.elementor-element-360d57e1{--width:100%;}}<\/style>\t\t<div data-elementor-type=\"wp-page\" data-elementor-id=\"803\" class=\"elementor elementor-803\" data-elementor-post-type=\"page\">\n\t\t\t\t<div class=\"elementor-element elementor-element-7b13d121 e-con-full e-flex e-con e-parent\" data-id=\"7b13d121\" data-element_type=\"container\" data-e-type=\"container\">\n\t\t<div class=\"elementor-element elementor-element-6c40089c e-con-full e-flex e-con e-child\" data-id=\"6c40089c\" data-element_type=\"container\" data-e-type=\"container\">\n\t\t\t\t<div class=\"elementor-element elementor-element-7a6dbd8b elementor-widget elementor-widget-image\" data-id=\"7a6dbd8b\" data-element_type=\"widget\" data-e-type=\"widget\" data-widget_type=\"image.default\">\n\t\t\t\t\t\t\t\t\t\t\t\t\t\t\t<img fetchpriority=\"high\" decoding=\"async\" width=\"2051\" height=\"2560\" src=\"https:\/\/www.galerisuart.com.tr\/wp-content\/uploads\/2026\/03\/Nurettin-AKKAYA-100-X-80-T.UAK_.B.-2022-scaled.jpg\" class=\"attachment-full size-full wp-image-806\" alt=\"\" srcset=\"https:\/\/www.galerisuart.com.tr\/wp-content\/uploads\/2026\/03\/Nurettin-AKKAYA-100-X-80-T.UAK_.B.-2022-scaled.jpg 2051w, https:\/\/www.galerisuart.com.tr\/wp-content\/uploads\/2026\/03\/Nurettin-AKKAYA-100-X-80-T.UAK_.B.-2022-240x300.jpg 240w, https:\/\/www.galerisuart.com.tr\/wp-content\/uploads\/2026\/03\/Nurettin-AKKAYA-100-X-80-T.UAK_.B.-2022-820x1024.jpg 820w, https:\/\/www.galerisuart.com.tr\/wp-content\/uploads\/2026\/03\/Nurettin-AKKAYA-100-X-80-T.UAK_.B.-2022-768x959.jpg 768w, https:\/\/www.galerisuart.com.tr\/wp-content\/uploads\/2026\/03\/Nurettin-AKKAYA-100-X-80-T.UAK_.B.-2022-1231x1536.jpg 1231w, https:\/\/www.galerisuart.com.tr\/wp-content\/uploads\/2026\/03\/Nurettin-AKKAYA-100-X-80-T.UAK_.B.-2022-1641x2048.jpg 1641w\" sizes=\"(max-width: 2051px) 100vw, 2051px\" \/>\t\t\t\t\t\t\t\t\t\t\t\t\t\t\t<\/div>\n\t\t\t\t<\/div>\n\t\t<div class=\"elementor-element elementor-element-360d57e1 e-con-full e-flex e-con e-child\" data-id=\"360d57e1\" data-element_type=\"container\" data-e-type=\"container\">\n\t\t\t\t<div class=\"elementor-element elementor-element-5ea74fbc elementor-widget__width-initial elementor-invisible elementor-widget elementor-widget-heading\" data-id=\"5ea74fbc\" data-element_type=\"widget\" data-e-type=\"widget\" data-settings=\"{&quot;_animation&quot;:&quot;fadeInUp&quot;,&quot;_animation_delay&quot;:200}\" data-widget_type=\"heading.default\">\n\t\t\t\t\t<h1 class=\"elementor-heading-title elementor-size-default\">Nurettin AKKAYA<\/h1>\t\t\t\t<\/div>\n\t\t\t\t<\/div>\n\t\t\t\t<\/div>\n\t\t<div class=\"elementor-element elementor-element-7cec2b0 e-flex e-con-boxed e-con e-parent\" data-id=\"7cec2b0\" data-element_type=\"container\" data-e-type=\"container\" data-settings=\"{&quot;background_background&quot;:&quot;classic&quot;}\">\n\t\t\t\t\t<div class=\"e-con-inner\">\n\t\t\t\t<div class=\"elementor-element elementor-element-9a7a7e0 elementor-widget elementor-widget-spacer\" data-id=\"9a7a7e0\" data-element_type=\"widget\" data-e-type=\"widget\" data-widget_type=\"spacer.default\">\n\t\t\t\t\t\t\t<div class=\"elementor-spacer\">\n\t\t\t<div class=\"elementor-spacer-inner\"><\/div>\n\t\t<\/div>\n\t\t\t\t\t\t<\/div>\n\t\t<div class=\"elementor-element elementor-element-9b5332f e-grid e-con-full e-con e-child\" data-id=\"9b5332f\" data-element_type=\"container\" data-e-type=\"container\">\n\t\t<div class=\"elementor-element elementor-element-cef88d3 e-con-full e-flex e-con e-child\" data-id=\"cef88d3\" data-element_type=\"container\" data-e-type=\"container\">\n\t\t\t\t<div class=\"elementor-element elementor-element-e43942d elementor-widget elementor-widget-image\" data-id=\"e43942d\" data-element_type=\"widget\" data-e-type=\"widget\" data-widget_type=\"image.default\">\n\t\t\t\t\t\t\t\t\t\t\t\t\t\t\t\t<a href=\"https:\/\/www.galerisuart.com.tr\/wp-content\/uploads\/2026\/03\/Nurettin-AKKAYA-100-X-80-T.UAK_.B.-2022-scaled.jpg\" data-elementor-open-lightbox=\"yes\" data-elementor-lightbox-title=\"Nurettin AKKAYA 100 X 80 T.\u00dcAK.B. (2022)\" data-e-action-hash=\"#elementor-action%3Aaction%3Dlightbox%26settings%3DeyJpZCI6ODA2LCJ1cmwiOiJodHRwczpcL1wvd3d3LmdhbGVyaXN1YXJ0LmNvbS50clwvd3AtY29udGVudFwvdXBsb2Fkc1wvMjAyNlwvMDNcL051cmV0dGluLUFLS0FZQS0xMDAtWC04MC1ULlVBS18uQi4tMjAyMi1zY2FsZWQuanBnIn0%3D\">\n\t\t\t\t\t\t\t<img decoding=\"async\" width=\"800\" height=\"999\" src=\"https:\/\/www.galerisuart.com.tr\/wp-content\/uploads\/2026\/03\/Nurettin-AKKAYA-100-X-80-T.UAK_.B.-2022-820x1024.jpg\" class=\"attachment-large size-large wp-image-806\" alt=\"\" srcset=\"https:\/\/www.galerisuart.com.tr\/wp-content\/uploads\/2026\/03\/Nurettin-AKKAYA-100-X-80-T.UAK_.B.-2022-820x1024.jpg 820w, https:\/\/www.galerisuart.com.tr\/wp-content\/uploads\/2026\/03\/Nurettin-AKKAYA-100-X-80-T.UAK_.B.-2022-240x300.jpg 240w, https:\/\/www.galerisuart.com.tr\/wp-content\/uploads\/2026\/03\/Nurettin-AKKAYA-100-X-80-T.UAK_.B.-2022-768x959.jpg 768w, https:\/\/www.galerisuart.com.tr\/wp-content\/uploads\/2026\/03\/Nurettin-AKKAYA-100-X-80-T.UAK_.B.-2022-1231x1536.jpg 1231w, https:\/\/www.galerisuart.com.tr\/wp-content\/uploads\/2026\/03\/Nurettin-AKKAYA-100-X-80-T.UAK_.B.-2022-1641x2048.jpg 1641w\" sizes=\"(max-width: 800px) 100vw, 800px\" \/>\t\t\t\t\t\t\t\t<\/a>\n\t\t\t\t\t\t\t\t\t\t\t\t\t\t\t<\/div>\n\t\t\t\t<div class=\"elementor-element elementor-element-ec79276 elementor-widget elementor-widget-heading\" data-id=\"ec79276\" data-element_type=\"widget\" data-e-type=\"widget\" data-widget_type=\"heading.default\">\n\t\t\t\t\t<h1 class=\"elementor-heading-title elementor-size-default\">No:1<\/h1>\t\t\t\t<\/div>\n\t\t\t\t<div class=\"elementor-element elementor-element-50e1305 elementor-widget elementor-widget-heading\" data-id=\"50e1305\" data-element_type=\"widget\" data-e-type=\"widget\" data-widget_type=\"heading.default\">\n\t\t\t\t\t<h2 class=\"elementor-heading-title elementor-size-default\">Nurettin AKKAYA<\/h2>\t\t\t\t<\/div>\n\t\t\t\t<div class=\"elementor-element elementor-element-c14d3a0 elementor-widget elementor-widget-heading\" data-id=\"c14d3a0\" data-element_type=\"widget\" data-e-type=\"widget\" data-widget_type=\"heading.default\">\n\t\t\t\t\t<p class=\"elementor-heading-title elementor-size-default\">100 X 80 T.\u00dcAK.B. (2022)<\/p>\t\t\t\t<\/div>\n\t\t\t\t<\/div>\n\t\t<div class=\"elementor-element elementor-element-0f8a7f7 e-con-full e-flex e-con e-child\" data-id=\"0f8a7f7\" data-element_type=\"container\" data-e-type=\"container\">\n\t\t\t\t<div class=\"elementor-element elementor-element-0424778 elementor-widget elementor-widget-image\" data-id=\"0424778\" data-element_type=\"widget\" data-e-type=\"widget\" data-widget_type=\"image.default\">\n\t\t\t\t\t\t\t\t\t\t\t\t\t\t\t\t<a href=\"https:\/\/www.galerisuart.com.tr\/wp-content\/uploads\/2026\/03\/Nurettin-AKKAYA-100-X-80-T.UAK_.B.-2022--scaled.jpg\" data-elementor-open-lightbox=\"yes\" data-elementor-lightbox-title=\"Nurettin AKKAYA 100 X 80 T.\u00dcAK.B. (2022)-\" data-e-action-hash=\"#elementor-action%3Aaction%3Dlightbox%26settings%3DeyJpZCI6ODA0LCJ1cmwiOiJodHRwczpcL1wvd3d3LmdhbGVyaXN1YXJ0LmNvbS50clwvd3AtY29udGVudFwvdXBsb2Fkc1wvMjAyNlwvMDNcL051cmV0dGluLUFLS0FZQS0xMDAtWC04MC1ULlVBS18uQi4tMjAyMi0tc2NhbGVkLmpwZyJ9\">\n\t\t\t\t\t\t\t<img decoding=\"async\" width=\"800\" height=\"1004\" src=\"https:\/\/www.galerisuart.com.tr\/wp-content\/uploads\/2026\/03\/Nurettin-AKKAYA-100-X-80-T.UAK_.B.-2022--816x1024.jpg\" class=\"attachment-large size-large wp-image-804\" alt=\"\" srcset=\"https:\/\/www.galerisuart.com.tr\/wp-content\/uploads\/2026\/03\/Nurettin-AKKAYA-100-X-80-T.UAK_.B.-2022--816x1024.jpg 816w, https:\/\/www.galerisuart.com.tr\/wp-content\/uploads\/2026\/03\/Nurettin-AKKAYA-100-X-80-T.UAK_.B.-2022--239x300.jpg 239w, https:\/\/www.galerisuart.com.tr\/wp-content\/uploads\/2026\/03\/Nurettin-AKKAYA-100-X-80-T.UAK_.B.-2022--768x964.jpg 768w, https:\/\/www.galerisuart.com.tr\/wp-content\/uploads\/2026\/03\/Nurettin-AKKAYA-100-X-80-T.UAK_.B.-2022--1223x1536.jpg 1223w, https:\/\/www.galerisuart.com.tr\/wp-content\/uploads\/2026\/03\/Nurettin-AKKAYA-100-X-80-T.UAK_.B.-2022--1631x2048.jpg 1631w, https:\/\/www.galerisuart.com.tr\/wp-content\/uploads\/2026\/03\/Nurettin-AKKAYA-100-X-80-T.UAK_.B.-2022--scaled.jpg 2039w\" sizes=\"(max-width: 800px) 100vw, 800px\" \/>\t\t\t\t\t\t\t\t<\/a>\n\t\t\t\t\t\t\t\t\t\t\t\t\t\t\t<\/div>\n\t\t\t\t<div class=\"elementor-element elementor-element-78d99a5 elementor-widget elementor-widget-heading\" data-id=\"78d99a5\" data-element_type=\"widget\" data-e-type=\"widget\" data-widget_type=\"heading.default\">\n\t\t\t\t\t<h1 class=\"elementor-heading-title elementor-size-default\">No:2<\/h1>\t\t\t\t<\/div>\n\t\t\t\t<div class=\"elementor-element elementor-element-34eb684 elementor-widget elementor-widget-heading\" data-id=\"34eb684\" data-element_type=\"widget\" data-e-type=\"widget\" data-widget_type=\"heading.default\">\n\t\t\t\t\t<h2 class=\"elementor-heading-title elementor-size-default\">Nurettin AKKAYA<\/h2>\t\t\t\t<\/div>\n\t\t\t\t<div class=\"elementor-element elementor-element-358822f elementor-widget elementor-widget-heading\" data-id=\"358822f\" data-element_type=\"widget\" data-e-type=\"widget\" data-widget_type=\"heading.default\">\n\t\t\t\t\t<p class=\"elementor-heading-title elementor-size-default\">100 X 80 T.\u00dcAK.B. (2022)<\/p>\t\t\t\t<\/div>\n\t\t\t\t<\/div>\n\t\t<div class=\"elementor-element elementor-element-a45291e e-con-full e-flex e-con e-child\" data-id=\"a45291e\" data-element_type=\"container\" data-e-type=\"container\">\n\t\t\t\t<div class=\"elementor-element elementor-element-5e30eb4 elementor-widget elementor-widget-image\" data-id=\"5e30eb4\" data-element_type=\"widget\" data-e-type=\"widget\" data-widget_type=\"image.default\">\n\t\t\t\t\t\t\t\t\t\t\t\t\t\t\t\t<a href=\"https:\/\/www.galerisuart.com.tr\/wp-content\/uploads\/2026\/03\/Nurettin-AKKAYA-60-X-80-T.U.AK_.B.-2022-scaled.jpg\" data-elementor-open-lightbox=\"yes\" data-elementor-lightbox-title=\"Nurettin AKKAYA 60 X 80 T.\u00dc.AK.B. (2022)\" data-e-action-hash=\"#elementor-action%3Aaction%3Dlightbox%26settings%3DeyJpZCI6ODA1LCJ1cmwiOiJodHRwczpcL1wvd3d3LmdhbGVyaXN1YXJ0LmNvbS50clwvd3AtY29udGVudFwvdXBsb2Fkc1wvMjAyNlwvMDNcL051cmV0dGluLUFLS0FZQS02MC1YLTgwLVQuVS5BS18uQi4tMjAyMi1zY2FsZWQuanBnIn0%3D\">\n\t\t\t\t\t\t\t<img loading=\"lazy\" decoding=\"async\" width=\"800\" height=\"605\" src=\"https:\/\/www.galerisuart.com.tr\/wp-content\/uploads\/2026\/03\/Nurettin-AKKAYA-60-X-80-T.U.AK_.B.-2022-1024x774.jpg\" class=\"attachment-large size-large wp-image-805\" alt=\"\" srcset=\"https:\/\/www.galerisuart.com.tr\/wp-content\/uploads\/2026\/03\/Nurettin-AKKAYA-60-X-80-T.U.AK_.B.-2022-1024x774.jpg 1024w, https:\/\/www.galerisuart.com.tr\/wp-content\/uploads\/2026\/03\/Nurettin-AKKAYA-60-X-80-T.U.AK_.B.-2022-300x227.jpg 300w, https:\/\/www.galerisuart.com.tr\/wp-content\/uploads\/2026\/03\/Nurettin-AKKAYA-60-X-80-T.U.AK_.B.-2022-768x581.jpg 768w, https:\/\/www.galerisuart.com.tr\/wp-content\/uploads\/2026\/03\/Nurettin-AKKAYA-60-X-80-T.U.AK_.B.-2022-1536x1162.jpg 1536w, https:\/\/www.galerisuart.com.tr\/wp-content\/uploads\/2026\/03\/Nurettin-AKKAYA-60-X-80-T.U.AK_.B.-2022-2048x1549.jpg 2048w\" sizes=\"(max-width: 800px) 100vw, 800px\" \/>\t\t\t\t\t\t\t\t<\/a>\n\t\t\t\t\t\t\t\t\t\t\t\t\t\t\t<\/div>\n\t\t\t\t<div class=\"elementor-element elementor-element-07d0702 elementor-widget elementor-widget-heading\" data-id=\"07d0702\" data-element_type=\"widget\" data-e-type=\"widget\" data-widget_type=\"heading.default\">\n\t\t\t\t\t<h1 class=\"elementor-heading-title elementor-size-default\">No:3<\/h1>\t\t\t\t<\/div>\n\t\t\t\t<div class=\"elementor-element elementor-element-0c0c67f elementor-widget elementor-widget-heading\" data-id=\"0c0c67f\" data-element_type=\"widget\" data-e-type=\"widget\" data-widget_type=\"heading.default\">\n\t\t\t\t\t<h2 class=\"elementor-heading-title elementor-size-default\">Nurettin AKKAYA<\/h2>\t\t\t\t<\/div>\n\t\t\t\t<div class=\"elementor-element elementor-element-157e922 elementor-widget elementor-widget-heading\" data-id=\"157e922\" data-element_type=\"widget\" data-e-type=\"widget\" data-widget_type=\"heading.default\">\n\t\t\t\t\t<p class=\"elementor-heading-title elementor-size-default\">60 X 80 T.\u00dc.AK.B. (2022)<\/p>\t\t\t\t<\/div>\n\t\t\t\t<\/div>\n\t\t\t\t<\/div>\n\t\t\t\t\t<\/div>\n\t\t\t\t<\/div>\n\t\t\t\t<\/div>\n\t\t","protected":false},"excerpt":{"rendered":"<p>No:1 100 X 80 T.\u00dcAK.B. (2022) No:2 100 X 80 T.\u00dcAK.B. (2022) No:3 60 X 80 T.\u00dc.AK.B. (2022)<\/p>\n","protected":false},"author":1,"featured_media":806,"parent":126,"menu_order":0,"comment_status":"closed","ping_status":"closed","template":"","meta":{"footnotes":""},"class_list":["post-803","page","type-page","status-publish","has-post-thumbnail","hentry"],"_links":{"self":[{"href":"https:\/\/www.galerisuart.com.tr\/index.php\/wp-json\/wp\/v2\/pages\/803","targetHints":{"allow":["GET"]}}],"collection":[{"href":"https:\/\/www.galerisuart.com.tr\/index.php\/wp-json\/wp\/v2\/pages"}],"about":[{"href":"https:\/\/www.galerisuart.com.tr\/index.php\/wp-json\/wp\/v2\/types\/page"}],"author":[{"embeddable":true,"href":"https:\/\/www.galerisuart.com.tr\/index.php\/wp-json\/wp\/v2\/users\/1"}],"replies":[{"embeddable":true,"href":"https:\/\/www.galerisuart.com.tr\/index.php\/wp-json\/wp\/v2\/comments?post=803"}],"version-history":[{"count":19,"href":"https:\/\/www.galerisuart.com.tr\/index.php\/wp-json\/wp\/v2\/pages\/803\/revisions"}],"predecessor-version":[{"id":1837,"href":"https:\/\/www.galerisuart.com.tr\/index.php\/wp-json\/wp\/v2\/pages\/803\/revisions\/1837"}],"up":[{"embeddable":true,"href":"https:\/\/www.galerisuart.com.tr\/index.php\/wp-json\/wp\/v2\/pages\/126"}],"wp:featuredmedia":[{"embeddable":true,"href":"https:\/\/www.galerisuart.com.tr\/index.php\/wp-json\/wp\/v2\/media\/806"}],"wp:attachment":[{"href":"https:\/\/www.galerisuart.com.tr\/index.php\/wp-json\/wp\/v2\/media?parent=803"}],"curies":[{"name":"wp","href":"https:\/\/api.w.org\/{rel}","templated":true}]}}