{"id":786,"date":"2026-03-03T12:11:15","date_gmt":"2026-03-03T09:11:15","guid":{"rendered":"https:\/\/www.galerisuart.com.tr\/?page_id=786"},"modified":"2026-04-22T16:10:18","modified_gmt":"2026-04-22T13:10:18","slug":"murside-icmeli","status":"publish","type":"page","link":"https:\/\/www.galerisuart.com.tr\/index.php\/sanatcilar\/murside-icmeli\/","title":{"rendered":"Mur\u015fide \u0130\u00c7MEL\u0130"},"content":{"rendered":"<style>.elementor-786 .elementor-element.elementor-element-7b13d121{--display:flex;--flex-direction:row;--container-widget-width:initial;--container-widget-height:100%;--container-widget-flex-grow:1;--container-widget-align-self:stretch;--flex-wrap-mobile:wrap;--gap:35px 35px;--row-gap:35px;--column-gap:35px;--margin-top:0em;--margin-bottom:0em;--margin-left:0em;--margin-right:0em;--padding-top:1em;--padding-bottom:1em;--padding-left:1em;--padding-right:1em;}.elementor-786 .elementor-element.elementor-element-6c40089c{--display:flex;}.elementor-786 .elementor-element.elementor-element-7a6dbd8b img{width:100%;max-width:100%;height:66vh;object-fit:cover;object-position:center right;}.elementor-786 .elementor-element.elementor-element-360d57e1{--display:flex;--justify-content:flex-end;}.elementor-786 .elementor-element.elementor-element-5ea74fbc .elementor-heading-title{font-family:\"Poiret One\", Sans-serif;font-size:3.7rem;font-weight:600;line-height:1.2em;}.elementor-786 .elementor-element.elementor-element-5ea74fbc{width:var( --container-widget-width, 89% );max-width:89%;--container-widget-width:89%;--container-widget-flex-grow:0;}.elementor-786 .elementor-element.elementor-element-7cec2b0{--display:flex;--flex-direction:column;--container-widget-width:100%;--container-widget-height:initial;--container-widget-flex-grow:0;--container-widget-align-self:initial;--flex-wrap-mobile:wrap;}.elementor-786 .elementor-element.elementor-element-7cec2b0:not(.elementor-motion-effects-element-type-background), .elementor-786 .elementor-element.elementor-element-7cec2b0 > .elementor-motion-effects-container > .elementor-motion-effects-layer{background-color:#000000;}.elementor-786 .elementor-element.elementor-element-9a7a7e0{--spacer-size:50px;}.elementor-786 .elementor-element.elementor-element-9b5332f{--display:grid;--e-con-grid-template-columns:repeat(4, 1fr);--e-con-grid-template-rows:repeat(2, 1fr);--gap:15px 15px;--row-gap:15px;--column-gap:15px;--grid-auto-flow:row;}.elementor-786 .elementor-element.elementor-element-9b5332f.e-con{--flex-grow:0;--flex-shrink:0;}.elementor-786 .elementor-element.elementor-element-b41a274{--display:flex;--min-height:150px;--justify-content:flex-start;--gap:0px 0px;--row-gap:0px;--column-gap:0px;--overlay-opacity:1;box-shadow:0px 0px 10px 0px rgba(255, 255, 255, 0.74);--padding-top:23px;--padding-bottom:23px;--padding-left:23px;--padding-right:23px;}.elementor-786 .elementor-element.elementor-element-b41a274::before, .elementor-786 .elementor-element.elementor-element-b41a274 > .elementor-background-video-container::before, .elementor-786 .elementor-element.elementor-element-b41a274 > .e-con-inner > .elementor-background-video-container::before, .elementor-786 .elementor-element.elementor-element-b41a274 > .elementor-background-slideshow::before, .elementor-786 .elementor-element.elementor-element-b41a274 > .e-con-inner > .elementor-background-slideshow::before, .elementor-786 .elementor-element.elementor-element-b41a274 > .elementor-motion-effects-container > .elementor-motion-effects-layer::before{--background-overlay:'';background-color:#D5D5D5;}.elementor-786 .elementor-element.elementor-element-b41a274.e-con{--flex-grow:1;--flex-shrink:0;}.elementor-786 .elementor-element.elementor-element-7d689b2 img{width:100%;height:190px;object-fit:cover;object-position:center center;border-style:double;border-width:7px 7px 7px 7px;border-color:#000000;}.elementor-786 .elementor-element.elementor-element-5521e2c .elementor-heading-title{font-family:\"Montserrat\", Sans-serif;font-size:14px;font-weight:900;}.elementor-786 .elementor-element.elementor-element-7c6859f{text-align:center;}.elementor-786 .elementor-element.elementor-element-7c6859f .elementor-heading-title{font-size:21px;font-weight:600;color:#000000;}.elementor-786 .elementor-element.elementor-element-928589a{text-align:center;}.elementor-786 .elementor-element.elementor-element-928589a .elementor-heading-title{font-family:\"Trebuchet MS\", Sans-serif;font-size:14px;letter-spacing:-0.3px;color:#000000;}.elementor-786 .elementor-element.elementor-element-d3ca435{--display:flex;--min-height:150px;--justify-content:flex-start;--gap:0px 0px;--row-gap:0px;--column-gap:0px;--overlay-opacity:1;box-shadow:0px 0px 10px 0px rgba(255, 255, 255, 0.74);--padding-top:23px;--padding-bottom:23px;--padding-left:23px;--padding-right:23px;}.elementor-786 .elementor-element.elementor-element-d3ca435::before, .elementor-786 .elementor-element.elementor-element-d3ca435 > .elementor-background-video-container::before, .elementor-786 .elementor-element.elementor-element-d3ca435 > .e-con-inner > .elementor-background-video-container::before, .elementor-786 .elementor-element.elementor-element-d3ca435 > .elementor-background-slideshow::before, .elementor-786 .elementor-element.elementor-element-d3ca435 > .e-con-inner > .elementor-background-slideshow::before, .elementor-786 .elementor-element.elementor-element-d3ca435 > .elementor-motion-effects-container > .elementor-motion-effects-layer::before{--background-overlay:'';background-color:#D5D5D5;}.elementor-786 .elementor-element.elementor-element-d3ca435.e-con{--flex-grow:1;--flex-shrink:0;}.elementor-786 .elementor-element.elementor-element-3c7026e img{width:100%;height:190px;object-fit:cover;object-position:center center;border-style:double;border-width:7px 7px 7px 7px;border-color:#000000;}.elementor-786 .elementor-element.elementor-element-a02f4e7 .elementor-heading-title{font-family:\"Montserrat\", Sans-serif;font-size:14px;font-weight:900;}.elementor-786 .elementor-element.elementor-element-b3d80ae{text-align:center;}.elementor-786 .elementor-element.elementor-element-b3d80ae .elementor-heading-title{font-size:21px;font-weight:600;color:#000000;}.elementor-786 .elementor-element.elementor-element-fbd8bb5{text-align:center;}.elementor-786 .elementor-element.elementor-element-fbd8bb5 .elementor-heading-title{font-family:\"Trebuchet MS\", Sans-serif;font-size:14px;letter-spacing:-0.3px;color:#000000;}@media(max-width:1024px){.elementor-786 .elementor-element.elementor-element-7b13d121{--flex-direction:column;--container-widget-width:100%;--container-widget-height:initial;--container-widget-flex-grow:0;--container-widget-align-self:initial;--flex-wrap-mobile:wrap;--margin-top:0em;--margin-bottom:0em;--margin-left:0em;--margin-right:0em;--padding-top:0em;--padding-bottom:3em;--padding-left:1em;--padding-right:1em;}.elementor-786 .elementor-element.elementor-element-7a6dbd8b img{height:53vh;object-position:top left;}.elementor-786 .elementor-element.elementor-element-5ea74fbc .elementor-heading-title{font-size:3.5rem;line-height:1.2em;}.elementor-786 .elementor-element.elementor-element-9b5332f{--grid-auto-flow:row;}}@media(max-width:767px){.elementor-786 .elementor-element.elementor-element-7b13d121{--width:100%;}.elementor-786 .elementor-element.elementor-element-6c40089c{--width:100%;}.elementor-786 .elementor-element.elementor-element-7a6dbd8b img{height:57vh;object-position:center center;}.elementor-786 .elementor-element.elementor-element-5ea74fbc .elementor-heading-title{font-size:2.5rem;line-height:1.2em;}.elementor-786 .elementor-element.elementor-element-5ea74fbc{--container-widget-width:100%;--container-widget-flex-grow:0;width:var( --container-widget-width, 100% );max-width:100%;}.elementor-786 .elementor-element.elementor-element-9b5332f{--e-con-grid-template-columns:repeat(1, 1fr);--grid-auto-flow:row;}}@media(min-width:768px){.elementor-786 .elementor-element.elementor-element-6c40089c{--width:50%;}.elementor-786 .elementor-element.elementor-element-360d57e1{--width:50%;}.elementor-786 .elementor-element.elementor-element-7cec2b0{--content-width:95%;}.elementor-786 .elementor-element.elementor-element-9b5332f{--width:100%;}}@media(max-width:1024px) and (min-width:768px){.elementor-786 .elementor-element.elementor-element-6c40089c{--width:100%;}.elementor-786 .elementor-element.elementor-element-360d57e1{--width:100%;}}<\/style>\t\t<div data-elementor-type=\"wp-page\" data-elementor-id=\"786\" class=\"elementor elementor-786\" data-elementor-post-type=\"page\">\n\t\t\t\t<div class=\"elementor-element elementor-element-7b13d121 e-con-full e-flex e-con e-parent\" data-id=\"7b13d121\" data-element_type=\"container\" data-e-type=\"container\">\n\t\t<div class=\"elementor-element elementor-element-6c40089c e-con-full e-flex e-con e-child\" data-id=\"6c40089c\" data-element_type=\"container\" data-e-type=\"container\">\n\t\t\t\t<div class=\"elementor-element elementor-element-7a6dbd8b elementor-widget elementor-widget-image\" data-id=\"7a6dbd8b\" data-element_type=\"widget\" data-e-type=\"widget\" data-widget_type=\"image.default\">\n\t\t\t\t\t\t\t\t\t\t\t\t\t\t\t<img fetchpriority=\"high\" decoding=\"async\" width=\"2517\" height=\"2560\" src=\"https:\/\/www.galerisuart.com.tr\/wp-content\/uploads\/2026\/03\/Murside-ICMELI-50-X-50-GRAVUR-BASKI-19-30-E.D.1987-scaled.jpg\" class=\"attachment-full size-full wp-image-788\" alt=\"\" srcset=\"https:\/\/www.galerisuart.com.tr\/wp-content\/uploads\/2026\/03\/Murside-ICMELI-50-X-50-GRAVUR-BASKI-19-30-E.D.1987-scaled.jpg 2517w, https:\/\/www.galerisuart.com.tr\/wp-content\/uploads\/2026\/03\/Murside-ICMELI-50-X-50-GRAVUR-BASKI-19-30-E.D.1987-295x300.jpg 295w, https:\/\/www.galerisuart.com.tr\/wp-content\/uploads\/2026\/03\/Murside-ICMELI-50-X-50-GRAVUR-BASKI-19-30-E.D.1987-1007x1024.jpg 1007w, https:\/\/www.galerisuart.com.tr\/wp-content\/uploads\/2026\/03\/Murside-ICMELI-50-X-50-GRAVUR-BASKI-19-30-E.D.1987-768x781.jpg 768w, https:\/\/www.galerisuart.com.tr\/wp-content\/uploads\/2026\/03\/Murside-ICMELI-50-X-50-GRAVUR-BASKI-19-30-E.D.1987-1510x1536.jpg 1510w, https:\/\/www.galerisuart.com.tr\/wp-content\/uploads\/2026\/03\/Murside-ICMELI-50-X-50-GRAVUR-BASKI-19-30-E.D.1987-2014x2048.jpg 2014w\" sizes=\"(max-width: 2517px) 100vw, 2517px\" \/>\t\t\t\t\t\t\t\t\t\t\t\t\t\t\t<\/div>\n\t\t\t\t<\/div>\n\t\t<div class=\"elementor-element elementor-element-360d57e1 e-con-full e-flex e-con e-child\" data-id=\"360d57e1\" data-element_type=\"container\" data-e-type=\"container\">\n\t\t\t\t<div class=\"elementor-element elementor-element-5ea74fbc elementor-widget__width-initial elementor-invisible elementor-widget elementor-widget-heading\" data-id=\"5ea74fbc\" data-element_type=\"widget\" data-e-type=\"widget\" data-settings=\"{&quot;_animation&quot;:&quot;fadeInUp&quot;,&quot;_animation_delay&quot;:200}\" data-widget_type=\"heading.default\">\n\t\t\t\t\t<h1 class=\"elementor-heading-title elementor-size-default\">Mur\u015fide \u0130\u00c7MEL\u0130<\/h1>\t\t\t\t<\/div>\n\t\t\t\t<\/div>\n\t\t\t\t<\/div>\n\t\t<div class=\"elementor-element elementor-element-7cec2b0 e-flex e-con-boxed e-con e-parent\" data-id=\"7cec2b0\" data-element_type=\"container\" data-e-type=\"container\" data-settings=\"{&quot;background_background&quot;:&quot;classic&quot;}\">\n\t\t\t\t\t<div class=\"e-con-inner\">\n\t\t\t\t<div class=\"elementor-element elementor-element-9a7a7e0 elementor-widget elementor-widget-spacer\" data-id=\"9a7a7e0\" data-element_type=\"widget\" data-e-type=\"widget\" data-widget_type=\"spacer.default\">\n\t\t\t\t\t\t\t<div class=\"elementor-spacer\">\n\t\t\t<div class=\"elementor-spacer-inner\"><\/div>\n\t\t<\/div>\n\t\t\t\t\t\t<\/div>\n\t\t<div class=\"elementor-element elementor-element-9b5332f e-grid e-con-full e-con e-child\" data-id=\"9b5332f\" data-element_type=\"container\" data-e-type=\"container\">\n\t\t<div class=\"elementor-element elementor-element-b41a274 e-con-full e-flex e-con e-child\" data-id=\"b41a274\" data-element_type=\"container\" data-e-type=\"container\">\n\t\t\t\t<div class=\"elementor-element elementor-element-7d689b2 elementor-widget elementor-widget-image\" data-id=\"7d689b2\" data-element_type=\"widget\" data-e-type=\"widget\" data-widget_type=\"image.default\">\n\t\t\t\t\t\t\t\t\t\t\t\t\t\t\t\t<a href=\"https:\/\/www.galerisuart.com.tr\/wp-content\/uploads\/2026\/03\/Murside-ICMELI-50-X-50-GRAVUR-BASKI-19-30-E.D.1987-scaled.jpg\" data-elementor-open-lightbox=\"yes\" data-elementor-lightbox-title=\"M\u00fcr\u015fide \u0130\u00c7MEL\u0130 50 X 50 (GRAV\u00dcR BASKI 19-30 E.D.(1987)\" data-e-action-hash=\"#elementor-action%3Aaction%3Dlightbox%26settings%3DeyJpZCI6Nzg4LCJ1cmwiOiJodHRwczpcL1wvd3d3LmdhbGVyaXN1YXJ0LmNvbS50clwvd3AtY29udGVudFwvdXBsb2Fkc1wvMjAyNlwvMDNcL011cnNpZGUtSUNNRUxJLTUwLVgtNTAtR1JBVlVSLUJBU0tJLTE5LTMwLUUuRC4xOTg3LXNjYWxlZC5qcGcifQ%3D%3D\">\n\t\t\t\t\t\t\t<img decoding=\"async\" width=\"800\" height=\"814\" src=\"https:\/\/www.galerisuart.com.tr\/wp-content\/uploads\/2026\/03\/Murside-ICMELI-50-X-50-GRAVUR-BASKI-19-30-E.D.1987-1007x1024.jpg\" class=\"attachment-large size-large wp-image-788\" alt=\"\" srcset=\"https:\/\/www.galerisuart.com.tr\/wp-content\/uploads\/2026\/03\/Murside-ICMELI-50-X-50-GRAVUR-BASKI-19-30-E.D.1987-1007x1024.jpg 1007w, https:\/\/www.galerisuart.com.tr\/wp-content\/uploads\/2026\/03\/Murside-ICMELI-50-X-50-GRAVUR-BASKI-19-30-E.D.1987-295x300.jpg 295w, https:\/\/www.galerisuart.com.tr\/wp-content\/uploads\/2026\/03\/Murside-ICMELI-50-X-50-GRAVUR-BASKI-19-30-E.D.1987-768x781.jpg 768w, https:\/\/www.galerisuart.com.tr\/wp-content\/uploads\/2026\/03\/Murside-ICMELI-50-X-50-GRAVUR-BASKI-19-30-E.D.1987-1510x1536.jpg 1510w, https:\/\/www.galerisuart.com.tr\/wp-content\/uploads\/2026\/03\/Murside-ICMELI-50-X-50-GRAVUR-BASKI-19-30-E.D.1987-2014x2048.jpg 2014w\" sizes=\"(max-width: 800px) 100vw, 800px\" \/>\t\t\t\t\t\t\t\t<\/a>\n\t\t\t\t\t\t\t\t\t\t\t\t\t\t\t<\/div>\n\t\t\t\t<div class=\"elementor-element elementor-element-5521e2c elementor-widget elementor-widget-heading\" data-id=\"5521e2c\" data-element_type=\"widget\" data-e-type=\"widget\" data-widget_type=\"heading.default\">\n\t\t\t\t\t<h1 class=\"elementor-heading-title elementor-size-default\">No:1<\/h1>\t\t\t\t<\/div>\n\t\t\t\t<div class=\"elementor-element elementor-element-7c6859f elementor-widget elementor-widget-heading\" data-id=\"7c6859f\" data-element_type=\"widget\" data-e-type=\"widget\" data-widget_type=\"heading.default\">\n\t\t\t\t\t<h2 class=\"elementor-heading-title elementor-size-default\">Mur\u015fide \u0130\u00c7MEL\u0130<\/h2>\t\t\t\t<\/div>\n\t\t\t\t<div class=\"elementor-element elementor-element-928589a elementor-widget elementor-widget-heading\" data-id=\"928589a\" data-element_type=\"widget\" data-e-type=\"widget\" data-widget_type=\"heading.default\">\n\t\t\t\t\t<p class=\"elementor-heading-title elementor-size-default\">50 X 50 (GRAV\u00dcR BASKI 19-30 E.D.(1987)<\/p>\t\t\t\t<\/div>\n\t\t\t\t<\/div>\n\t\t<div class=\"elementor-element elementor-element-d3ca435 e-con-full e-flex e-con e-child\" data-id=\"d3ca435\" data-element_type=\"container\" data-e-type=\"container\">\n\t\t\t\t<div class=\"elementor-element elementor-element-3c7026e elementor-widget elementor-widget-image\" data-id=\"3c7026e\" data-element_type=\"widget\" data-e-type=\"widget\" data-widget_type=\"image.default\">\n\t\t\t\t\t\t\t\t\t\t\t\t\t\t\t\t<a href=\"https:\/\/www.galerisuart.com.tr\/wp-content\/uploads\/2026\/04\/02-Murside-ICMELI-50-X-50-GRAVUR-BASKI-46-46-E.D.1987-scaled.jpg\" data-elementor-open-lightbox=\"yes\" data-elementor-lightbox-title=\"(02) M\u00fcr\u015fide \u0130\u00c7MEL\u0130 50 X 50 (GRAV\u00dcR BASKI 46-46 E.D.(1987)\" data-e-action-hash=\"#elementor-action%3Aaction%3Dlightbox%26settings%3DeyJpZCI6MjA2MCwidXJsIjoiaHR0cHM6XC9cL3d3dy5nYWxlcmlzdWFydC5jb20udHJcL3dwLWNvbnRlbnRcL3VwbG9hZHNcLzIwMjZcLzA0XC8wMi1NdXJzaWRlLUlDTUVMSS01MC1YLTUwLUdSQVZVUi1CQVNLSS00Ni00Ni1FLkQuMTk4Ny1zY2FsZWQuanBnIn0%3D\">\n\t\t\t\t\t\t\t<img decoding=\"async\" width=\"800\" height=\"820\" src=\"https:\/\/www.galerisuart.com.tr\/wp-content\/uploads\/2026\/04\/02-Murside-ICMELI-50-X-50-GRAVUR-BASKI-46-46-E.D.1987-999x1024.jpg\" class=\"attachment-large size-large wp-image-2060\" alt=\"\" srcset=\"https:\/\/www.galerisuart.com.tr\/wp-content\/uploads\/2026\/04\/02-Murside-ICMELI-50-X-50-GRAVUR-BASKI-46-46-E.D.1987-999x1024.jpg 999w, https:\/\/www.galerisuart.com.tr\/wp-content\/uploads\/2026\/04\/02-Murside-ICMELI-50-X-50-GRAVUR-BASKI-46-46-E.D.1987-293x300.jpg 293w, https:\/\/www.galerisuart.com.tr\/wp-content\/uploads\/2026\/04\/02-Murside-ICMELI-50-X-50-GRAVUR-BASKI-46-46-E.D.1987-768x787.jpg 768w, https:\/\/www.galerisuart.com.tr\/wp-content\/uploads\/2026\/04\/02-Murside-ICMELI-50-X-50-GRAVUR-BASKI-46-46-E.D.1987-1499x1536.jpg 1499w, https:\/\/www.galerisuart.com.tr\/wp-content\/uploads\/2026\/04\/02-Murside-ICMELI-50-X-50-GRAVUR-BASKI-46-46-E.D.1987-1998x2048.jpg 1998w\" sizes=\"(max-width: 800px) 100vw, 800px\" \/>\t\t\t\t\t\t\t\t<\/a>\n\t\t\t\t\t\t\t\t\t\t\t\t\t\t\t<\/div>\n\t\t\t\t<div class=\"elementor-element elementor-element-a02f4e7 elementor-widget elementor-widget-heading\" data-id=\"a02f4e7\" data-element_type=\"widget\" data-e-type=\"widget\" data-widget_type=\"heading.default\">\n\t\t\t\t\t<h1 class=\"elementor-heading-title elementor-size-default\">No:2<\/h1>\t\t\t\t<\/div>\n\t\t\t\t<div class=\"elementor-element elementor-element-b3d80ae elementor-widget elementor-widget-heading\" data-id=\"b3d80ae\" data-element_type=\"widget\" data-e-type=\"widget\" data-widget_type=\"heading.default\">\n\t\t\t\t\t<h2 class=\"elementor-heading-title elementor-size-default\">Mur\u015fide \u0130\u00c7MEL\u0130<\/h2>\t\t\t\t<\/div>\n\t\t\t\t<div class=\"elementor-element elementor-element-fbd8bb5 elementor-widget elementor-widget-heading\" data-id=\"fbd8bb5\" data-element_type=\"widget\" data-e-type=\"widget\" data-widget_type=\"heading.default\">\n\t\t\t\t\t<p class=\"elementor-heading-title elementor-size-default\">50 X 50 (GRAV\u00dcR BASKI 46-46 E.D.(1987)<\/p>\t\t\t\t<\/div>\n\t\t\t\t<\/div>\n\t\t\t\t<\/div>\n\t\t\t\t\t<\/div>\n\t\t\t\t<\/div>\n\t\t\t\t<\/div>\n\t\t","protected":false},"excerpt":{"rendered":"<p>No:1 50 X 50 (GRAV\u00dcR BASKI 19-30 E.D.(1987) No:2 50 X 50 (GRAV\u00dcR BASKI 46-46 E.D.(1987)<\/p>\n","protected":false},"author":1,"featured_media":788,"parent":126,"menu_order":0,"comment_status":"closed","ping_status":"closed","template":"","meta":{"footnotes":""},"class_list":["post-786","page","type-page","status-publish","has-post-thumbnail","hentry"],"_links":{"self":[{"href":"https:\/\/www.galerisuart.com.tr\/index.php\/wp-json\/wp\/v2\/pages\/786","targetHints":{"allow":["GET"]}}],"collection":[{"href":"https:\/\/www.galerisuart.com.tr\/index.php\/wp-json\/wp\/v2\/pages"}],"about":[{"href":"https:\/\/www.galerisuart.com.tr\/index.php\/wp-json\/wp\/v2\/types\/page"}],"author":[{"embeddable":true,"href":"https:\/\/www.galerisuart.com.tr\/index.php\/wp-json\/wp\/v2\/users\/1"}],"replies":[{"embeddable":true,"href":"https:\/\/www.galerisuart.com.tr\/index.php\/wp-json\/wp\/v2\/comments?post=786"}],"version-history":[{"count":19,"href":"https:\/\/www.galerisuart.com.tr\/index.php\/wp-json\/wp\/v2\/pages\/786\/revisions"}],"predecessor-version":[{"id":2063,"href":"https:\/\/www.galerisuart.com.tr\/index.php\/wp-json\/wp\/v2\/pages\/786\/revisions\/2063"}],"up":[{"embeddable":true,"href":"https:\/\/www.galerisuart.com.tr\/index.php\/wp-json\/wp\/v2\/pages\/126"}],"wp:featuredmedia":[{"embeddable":true,"href":"https:\/\/www.galerisuart.com.tr\/index.php\/wp-json\/wp\/v2\/media\/788"}],"wp:attachment":[{"href":"https:\/\/www.galerisuart.com.tr\/index.php\/wp-json\/wp\/v2\/media?parent=786"}],"curies":[{"name":"wp","href":"https:\/\/api.w.org\/{rel}","templated":true}]}}