{"id":570,"date":"2026-03-02T16:15:24","date_gmt":"2026-03-02T13:15:24","guid":{"rendered":"https:\/\/www.galerisuart.com.tr\/?page_id=570"},"modified":"2026-04-20T11:18:34","modified_gmt":"2026-04-20T08:18:34","slug":"hakan-esmer","status":"publish","type":"page","link":"https:\/\/www.galerisuart.com.tr\/index.php\/sanatcilar\/hakan-esmer\/","title":{"rendered":"Hakan ESMER"},"content":{"rendered":"<style>.elementor-570 .elementor-element.elementor-element-7b13d121{--display:flex;--flex-direction:row;--container-widget-width:initial;--container-widget-height:100%;--container-widget-flex-grow:1;--container-widget-align-self:stretch;--flex-wrap-mobile:wrap;--gap:35px 35px;--row-gap:35px;--column-gap:35px;--margin-top:0em;--margin-bottom:0em;--margin-left:0em;--margin-right:0em;--padding-top:1em;--padding-bottom:1em;--padding-left:1em;--padding-right:1em;}.elementor-570 .elementor-element.elementor-element-6c40089c{--display:flex;}.elementor-570 .elementor-element.elementor-element-7a6dbd8b img{width:100%;max-width:100%;height:66vh;object-fit:cover;object-position:center right;}.elementor-570 .elementor-element.elementor-element-360d57e1{--display:flex;--justify-content:flex-end;}.elementor-570 .elementor-element.elementor-element-5ea74fbc .elementor-heading-title{font-family:\"Poiret One\", Sans-serif;font-size:3.7rem;font-weight:600;line-height:1.2em;}.elementor-570 .elementor-element.elementor-element-5ea74fbc{width:var( --container-widget-width, 89% );max-width:89%;--container-widget-width:89%;--container-widget-flex-grow:0;}.elementor-570 .elementor-element.elementor-element-7cec2b0{--display:flex;--flex-direction:column;--container-widget-width:100%;--container-widget-height:initial;--container-widget-flex-grow:0;--container-widget-align-self:initial;--flex-wrap-mobile:wrap;}.elementor-570 .elementor-element.elementor-element-7cec2b0:not(.elementor-motion-effects-element-type-background), .elementor-570 .elementor-element.elementor-element-7cec2b0 > .elementor-motion-effects-container > .elementor-motion-effects-layer{background-color:#FFFFFF80;}.elementor-570 .elementor-element.elementor-element-9a7a7e0{--spacer-size:50px;}.elementor-570 .elementor-element.elementor-element-9b5332f{--display:grid;--e-con-grid-template-columns:repeat(4, 1fr);--e-con-grid-template-rows:repeat(2, 1fr);--gap:15px 15px;--row-gap:15px;--column-gap:15px;--grid-auto-flow:row;}.elementor-570 .elementor-element.elementor-element-9b5332f.e-con{--flex-grow:0;--flex-shrink:0;}.elementor-570 .elementor-element.elementor-element-fa39952{--display:flex;--min-height:150px;--justify-content:flex-start;--gap:0px 0px;--row-gap:0px;--column-gap:0px;--overlay-opacity:1;box-shadow:0px 0px 10px 0px rgba(255, 255, 255, 0.74);--padding-top:23px;--padding-bottom:23px;--padding-left:23px;--padding-right:23px;}.elementor-570 .elementor-element.elementor-element-fa39952::before, .elementor-570 .elementor-element.elementor-element-fa39952 > .elementor-background-video-container::before, .elementor-570 .elementor-element.elementor-element-fa39952 > .e-con-inner > .elementor-background-video-container::before, .elementor-570 .elementor-element.elementor-element-fa39952 > .elementor-background-slideshow::before, .elementor-570 .elementor-element.elementor-element-fa39952 > .e-con-inner > .elementor-background-slideshow::before, .elementor-570 .elementor-element.elementor-element-fa39952 > .elementor-motion-effects-container > .elementor-motion-effects-layer::before{--background-overlay:'';background-color:#D5D5D5;}.elementor-570 .elementor-element.elementor-element-fa39952.e-con{--flex-grow:1;--flex-shrink:0;}.elementor-570 .elementor-element.elementor-element-eee9246 img{width:100%;height:190px;object-fit:cover;object-position:center center;border-style:double;border-width:7px 7px 7px 7px;border-color:#000000;}.elementor-570 .elementor-element.elementor-element-b5de447 .elementor-heading-title{font-family:\"Montserrat\", Sans-serif;font-size:14px;font-weight:900;}.elementor-570 .elementor-element.elementor-element-7d032d4{text-align:center;}.elementor-570 .elementor-element.elementor-element-7d032d4 .elementor-heading-title{font-size:21px;font-weight:600;color:#000000;}.elementor-570 .elementor-element.elementor-element-6582c8b{text-align:center;}.elementor-570 .elementor-element.elementor-element-6582c8b .elementor-heading-title{font-family:\"Trebuchet MS\", Sans-serif;font-size:14px;letter-spacing:-0.3px;color:#000000;}.elementor-570 .elementor-element.elementor-element-9afd4bb{--display:flex;--min-height:150px;--justify-content:flex-start;--gap:0px 0px;--row-gap:0px;--column-gap:0px;--overlay-opacity:1;box-shadow:0px 0px 10px 0px rgba(255, 255, 255, 0.74);--padding-top:23px;--padding-bottom:23px;--padding-left:23px;--padding-right:23px;}.elementor-570 .elementor-element.elementor-element-9afd4bb::before, .elementor-570 .elementor-element.elementor-element-9afd4bb > .elementor-background-video-container::before, .elementor-570 .elementor-element.elementor-element-9afd4bb > .e-con-inner > .elementor-background-video-container::before, .elementor-570 .elementor-element.elementor-element-9afd4bb > .elementor-background-slideshow::before, .elementor-570 .elementor-element.elementor-element-9afd4bb > .e-con-inner > .elementor-background-slideshow::before, .elementor-570 .elementor-element.elementor-element-9afd4bb > .elementor-motion-effects-container > .elementor-motion-effects-layer::before{--background-overlay:'';background-color:#D5D5D5;}.elementor-570 .elementor-element.elementor-element-9afd4bb.e-con{--flex-grow:1;--flex-shrink:0;}.elementor-570 .elementor-element.elementor-element-f443a9f img{width:100%;height:190px;object-fit:cover;object-position:center center;border-style:double;border-width:7px 7px 7px 7px;border-color:#000000;}.elementor-570 .elementor-element.elementor-element-119be58 .elementor-heading-title{font-family:\"Montserrat\", Sans-serif;font-size:14px;font-weight:900;}.elementor-570 .elementor-element.elementor-element-40f1335{text-align:center;}.elementor-570 .elementor-element.elementor-element-40f1335 .elementor-heading-title{font-size:21px;font-weight:600;color:#000000;}.elementor-570 .elementor-element.elementor-element-7bc9e56{text-align:center;}.elementor-570 .elementor-element.elementor-element-7bc9e56 .elementor-heading-title{font-family:\"Trebuchet MS\", Sans-serif;font-size:14px;letter-spacing:-0.3px;color:#000000;}@media(max-width:1024px){.elementor-570 .elementor-element.elementor-element-7b13d121{--flex-direction:column;--container-widget-width:100%;--container-widget-height:initial;--container-widget-flex-grow:0;--container-widget-align-self:initial;--flex-wrap-mobile:wrap;--margin-top:0em;--margin-bottom:0em;--margin-left:0em;--margin-right:0em;--padding-top:0em;--padding-bottom:3em;--padding-left:1em;--padding-right:1em;}.elementor-570 .elementor-element.elementor-element-7a6dbd8b img{height:53vh;object-position:top left;}.elementor-570 .elementor-element.elementor-element-5ea74fbc .elementor-heading-title{font-size:3.5rem;line-height:1.2em;}.elementor-570 .elementor-element.elementor-element-9b5332f{--grid-auto-flow:row;}}@media(max-width:767px){.elementor-570 .elementor-element.elementor-element-7b13d121{--width:100%;}.elementor-570 .elementor-element.elementor-element-6c40089c{--width:100%;}.elementor-570 .elementor-element.elementor-element-7a6dbd8b img{height:57vh;object-position:center center;}.elementor-570 .elementor-element.elementor-element-5ea74fbc .elementor-heading-title{font-size:2.5rem;line-height:1.2em;}.elementor-570 .elementor-element.elementor-element-5ea74fbc{--container-widget-width:100%;--container-widget-flex-grow:0;width:var( --container-widget-width, 100% );max-width:100%;}.elementor-570 .elementor-element.elementor-element-9b5332f{--e-con-grid-template-columns:repeat(1, 1fr);--grid-auto-flow:row;}}@media(min-width:768px){.elementor-570 .elementor-element.elementor-element-6c40089c{--width:50%;}.elementor-570 .elementor-element.elementor-element-360d57e1{--width:50%;}.elementor-570 .elementor-element.elementor-element-7cec2b0{--content-width:98%;}.elementor-570 .elementor-element.elementor-element-9b5332f{--width:100%;}}@media(max-width:1024px) and (min-width:768px){.elementor-570 .elementor-element.elementor-element-6c40089c{--width:100%;}.elementor-570 .elementor-element.elementor-element-360d57e1{--width:100%;}}<\/style>\t\t<div data-elementor-type=\"wp-page\" data-elementor-id=\"570\" class=\"elementor elementor-570\" data-elementor-post-type=\"page\">\n\t\t\t\t<div class=\"elementor-element elementor-element-7b13d121 e-con-full e-flex e-con e-parent\" data-id=\"7b13d121\" data-element_type=\"container\" data-e-type=\"container\">\n\t\t<div class=\"elementor-element elementor-element-6c40089c e-con-full e-flex e-con e-child\" data-id=\"6c40089c\" data-element_type=\"container\" data-e-type=\"container\">\n\t\t\t\t<div class=\"elementor-element elementor-element-7a6dbd8b elementor-widget elementor-widget-image\" data-id=\"7a6dbd8b\" data-element_type=\"widget\" data-e-type=\"widget\" data-widget_type=\"image.default\">\n\t\t\t\t\t\t\t\t\t\t\t\t\t\t\t<img fetchpriority=\"high\" decoding=\"async\" width=\"1972\" height=\"2560\" src=\"https:\/\/www.galerisuart.com.tr\/wp-content\/uploads\/2026\/03\/Hakan-ESMER-50-X40-t.u.y.b2009-scaled.jpg\" class=\"attachment-full size-full wp-image-571\" alt=\"\" srcset=\"https:\/\/www.galerisuart.com.tr\/wp-content\/uploads\/2026\/03\/Hakan-ESMER-50-X40-t.u.y.b2009-scaled.jpg 1972w, https:\/\/www.galerisuart.com.tr\/wp-content\/uploads\/2026\/03\/Hakan-ESMER-50-X40-t.u.y.b2009-231x300.jpg 231w, https:\/\/www.galerisuart.com.tr\/wp-content\/uploads\/2026\/03\/Hakan-ESMER-50-X40-t.u.y.b2009-789x1024.jpg 789w, https:\/\/www.galerisuart.com.tr\/wp-content\/uploads\/2026\/03\/Hakan-ESMER-50-X40-t.u.y.b2009-768x997.jpg 768w, https:\/\/www.galerisuart.com.tr\/wp-content\/uploads\/2026\/03\/Hakan-ESMER-50-X40-t.u.y.b2009-1183x1536.jpg 1183w, https:\/\/www.galerisuart.com.tr\/wp-content\/uploads\/2026\/03\/Hakan-ESMER-50-X40-t.u.y.b2009-1577x2048.jpg 1577w\" sizes=\"(max-width: 1972px) 100vw, 1972px\" \/>\t\t\t\t\t\t\t\t\t\t\t\t\t\t\t<\/div>\n\t\t\t\t<\/div>\n\t\t<div class=\"elementor-element elementor-element-360d57e1 e-con-full e-flex e-con e-child\" data-id=\"360d57e1\" data-element_type=\"container\" data-e-type=\"container\">\n\t\t\t\t<div class=\"elementor-element elementor-element-5ea74fbc elementor-widget__width-initial elementor-invisible elementor-widget elementor-widget-heading\" data-id=\"5ea74fbc\" data-element_type=\"widget\" data-e-type=\"widget\" data-settings=\"{&quot;_animation&quot;:&quot;fadeInUp&quot;,&quot;_animation_delay&quot;:200}\" data-widget_type=\"heading.default\">\n\t\t\t\t\t<h1 class=\"elementor-heading-title elementor-size-default\">Hakan ESMER<\/h1>\t\t\t\t<\/div>\n\t\t\t\t<\/div>\n\t\t\t\t<\/div>\n\t\t<div class=\"elementor-element elementor-element-7cec2b0 e-flex e-con-boxed e-con e-parent\" data-id=\"7cec2b0\" data-element_type=\"container\" data-e-type=\"container\" data-settings=\"{&quot;background_background&quot;:&quot;classic&quot;}\">\n\t\t\t\t\t<div class=\"e-con-inner\">\n\t\t\t\t<div class=\"elementor-element elementor-element-9a7a7e0 elementor-widget elementor-widget-spacer\" data-id=\"9a7a7e0\" data-element_type=\"widget\" data-e-type=\"widget\" data-widget_type=\"spacer.default\">\n\t\t\t\t\t\t\t<div class=\"elementor-spacer\">\n\t\t\t<div class=\"elementor-spacer-inner\"><\/div>\n\t\t<\/div>\n\t\t\t\t\t\t<\/div>\n\t\t<div class=\"elementor-element elementor-element-9b5332f e-grid e-con-full e-con e-child\" data-id=\"9b5332f\" data-element_type=\"container\" data-e-type=\"container\">\n\t\t<div class=\"elementor-element elementor-element-fa39952 e-con-full e-flex e-con e-child\" data-id=\"fa39952\" data-element_type=\"container\" data-e-type=\"container\">\n\t\t\t\t<div class=\"elementor-element elementor-element-eee9246 elementor-widget elementor-widget-image\" data-id=\"eee9246\" data-element_type=\"widget\" data-e-type=\"widget\" data-widget_type=\"image.default\">\n\t\t\t\t\t\t\t\t\t\t\t\t\t\t\t\t<a href=\"https:\/\/www.galerisuart.com.tr\/wp-content\/uploads\/2026\/03\/Hakan-ESMER-50-X40-t.u.y.b2009-scaled.jpg\" data-elementor-open-lightbox=\"yes\" data-elementor-lightbox-title=\"Hakan ESMER 50 X40 t.\u00fc.y.b(2009)\" data-e-action-hash=\"#elementor-action%3Aaction%3Dlightbox%26settings%3DeyJpZCI6NTcxLCJ1cmwiOiJodHRwczpcL1wvd3d3LmdhbGVyaXN1YXJ0LmNvbS50clwvd3AtY29udGVudFwvdXBsb2Fkc1wvMjAyNlwvMDNcL0hha2FuLUVTTUVSLTUwLVg0MC10LnUueS5iMjAwOS1zY2FsZWQuanBnIn0%3D\">\n\t\t\t\t\t\t\t<img decoding=\"async\" width=\"789\" height=\"1024\" src=\"https:\/\/www.galerisuart.com.tr\/wp-content\/uploads\/2026\/03\/Hakan-ESMER-50-X40-t.u.y.b2009-789x1024.jpg\" class=\"attachment-large size-large wp-image-571\" alt=\"\" srcset=\"https:\/\/www.galerisuart.com.tr\/wp-content\/uploads\/2026\/03\/Hakan-ESMER-50-X40-t.u.y.b2009-789x1024.jpg 789w, https:\/\/www.galerisuart.com.tr\/wp-content\/uploads\/2026\/03\/Hakan-ESMER-50-X40-t.u.y.b2009-231x300.jpg 231w, https:\/\/www.galerisuart.com.tr\/wp-content\/uploads\/2026\/03\/Hakan-ESMER-50-X40-t.u.y.b2009-768x997.jpg 768w, https:\/\/www.galerisuart.com.tr\/wp-content\/uploads\/2026\/03\/Hakan-ESMER-50-X40-t.u.y.b2009-1183x1536.jpg 1183w, https:\/\/www.galerisuart.com.tr\/wp-content\/uploads\/2026\/03\/Hakan-ESMER-50-X40-t.u.y.b2009-1577x2048.jpg 1577w, https:\/\/www.galerisuart.com.tr\/wp-content\/uploads\/2026\/03\/Hakan-ESMER-50-X40-t.u.y.b2009-scaled.jpg 1972w\" sizes=\"(max-width: 789px) 100vw, 789px\" \/>\t\t\t\t\t\t\t\t<\/a>\n\t\t\t\t\t\t\t\t\t\t\t\t\t\t\t<\/div>\n\t\t\t\t<div class=\"elementor-element elementor-element-b5de447 elementor-widget elementor-widget-heading\" data-id=\"b5de447\" data-element_type=\"widget\" data-e-type=\"widget\" data-widget_type=\"heading.default\">\n\t\t\t\t\t<h1 class=\"elementor-heading-title elementor-size-default\">No:1<\/h1>\t\t\t\t<\/div>\n\t\t\t\t<div class=\"elementor-element elementor-element-7d032d4 elementor-widget elementor-widget-heading\" data-id=\"7d032d4\" data-element_type=\"widget\" data-e-type=\"widget\" data-widget_type=\"heading.default\">\n\t\t\t\t\t<h2 class=\"elementor-heading-title elementor-size-default\">Hakan ESMER<\/h2>\t\t\t\t<\/div>\n\t\t\t\t<div class=\"elementor-element elementor-element-6582c8b elementor-widget elementor-widget-heading\" data-id=\"6582c8b\" data-element_type=\"widget\" data-e-type=\"widget\" data-widget_type=\"heading.default\">\n\t\t\t\t\t<p class=\"elementor-heading-title elementor-size-default\">50 X40 t.\u00fc.y.b(2009)<\/p>\t\t\t\t<\/div>\n\t\t\t\t<\/div>\n\t\t<div class=\"elementor-element elementor-element-9afd4bb e-con-full e-flex e-con e-child\" data-id=\"9afd4bb\" data-element_type=\"container\" data-e-type=\"container\">\n\t\t\t\t<div class=\"elementor-element elementor-element-f443a9f elementor-widget elementor-widget-image\" data-id=\"f443a9f\" data-element_type=\"widget\" data-e-type=\"widget\" data-widget_type=\"image.default\">\n\t\t\t\t\t\t\t\t\t\t\t\t\t\t\t\t<a href=\"https:\/\/www.galerisuart.com.tr\/wp-content\/uploads\/2026\/03\/Hakan-ESMER-20-X20-Dur.uz_.y.b.-2012.jpg\" data-elementor-open-lightbox=\"yes\" data-elementor-lightbox-title=\"Hakan ESMER 20 X20 D\u00fcr.\u00fcz.y.b. 2012\" data-e-action-hash=\"#elementor-action%3Aaction%3Dlightbox%26settings%3DeyJpZCI6NTcyLCJ1cmwiOiJodHRwczpcL1wvd3d3LmdhbGVyaXN1YXJ0LmNvbS50clwvd3AtY29udGVudFwvdXBsb2Fkc1wvMjAyNlwvMDNcL0hha2FuLUVTTUVSLTIwLVgyMC1EdXIudXpfLnkuYi4tMjAxMi5qcGcifQ%3D%3D\">\n\t\t\t\t\t\t\t<img decoding=\"async\" width=\"800\" height=\"800\" src=\"https:\/\/www.galerisuart.com.tr\/wp-content\/uploads\/2026\/03\/Hakan-ESMER-20-X20-Dur.uz_.y.b.-2012-1024x1024.jpg\" class=\"attachment-large size-large wp-image-572\" alt=\"\" srcset=\"https:\/\/www.galerisuart.com.tr\/wp-content\/uploads\/2026\/03\/Hakan-ESMER-20-X20-Dur.uz_.y.b.-2012-1024x1024.jpg 1024w, https:\/\/www.galerisuart.com.tr\/wp-content\/uploads\/2026\/03\/Hakan-ESMER-20-X20-Dur.uz_.y.b.-2012-300x300.jpg 300w, https:\/\/www.galerisuart.com.tr\/wp-content\/uploads\/2026\/03\/Hakan-ESMER-20-X20-Dur.uz_.y.b.-2012-150x150.jpg 150w, https:\/\/www.galerisuart.com.tr\/wp-content\/uploads\/2026\/03\/Hakan-ESMER-20-X20-Dur.uz_.y.b.-2012-768x768.jpg 768w, https:\/\/www.galerisuart.com.tr\/wp-content\/uploads\/2026\/03\/Hakan-ESMER-20-X20-Dur.uz_.y.b.-2012-1536x1536.jpg 1536w, https:\/\/www.galerisuart.com.tr\/wp-content\/uploads\/2026\/03\/Hakan-ESMER-20-X20-Dur.uz_.y.b.-2012-700x700.jpg 700w, https:\/\/www.galerisuart.com.tr\/wp-content\/uploads\/2026\/03\/Hakan-ESMER-20-X20-Dur.uz_.y.b.-2012.jpg 1718w\" sizes=\"(max-width: 800px) 100vw, 800px\" \/>\t\t\t\t\t\t\t\t<\/a>\n\t\t\t\t\t\t\t\t\t\t\t\t\t\t\t<\/div>\n\t\t\t\t<div class=\"elementor-element elementor-element-119be58 elementor-widget elementor-widget-heading\" data-id=\"119be58\" data-element_type=\"widget\" data-e-type=\"widget\" data-widget_type=\"heading.default\">\n\t\t\t\t\t<h1 class=\"elementor-heading-title elementor-size-default\">No:2<\/h1>\t\t\t\t<\/div>\n\t\t\t\t<div class=\"elementor-element elementor-element-40f1335 elementor-widget elementor-widget-heading\" data-id=\"40f1335\" data-element_type=\"widget\" data-e-type=\"widget\" data-widget_type=\"heading.default\">\n\t\t\t\t\t<h2 class=\"elementor-heading-title elementor-size-default\">Hakan ESMER<\/h2>\t\t\t\t<\/div>\n\t\t\t\t<div class=\"elementor-element elementor-element-7bc9e56 elementor-widget elementor-widget-heading\" data-id=\"7bc9e56\" data-element_type=\"widget\" data-e-type=\"widget\" data-widget_type=\"heading.default\">\n\t\t\t\t\t<p class=\"elementor-heading-title elementor-size-default\">20 X20 D\u00fcr.\u00fcz.y.b. 2012<\/p>\t\t\t\t<\/div>\n\t\t\t\t<\/div>\n\t\t\t\t<\/div>\n\t\t\t\t\t<\/div>\n\t\t\t\t<\/div>\n\t\t\t\t<\/div>\n\t\t","protected":false},"excerpt":{"rendered":"<p>No:1 50 X40 t.\u00fc.y.b(2009) No:2 20 X20 D\u00fcr.\u00fcz.y.b. 2012<\/p>\n","protected":false},"author":1,"featured_media":571,"parent":126,"menu_order":0,"comment_status":"closed","ping_status":"closed","template":"","meta":{"footnotes":""},"class_list":["post-570","page","type-page","status-publish","has-post-thumbnail","hentry"],"_links":{"self":[{"href":"https:\/\/www.galerisuart.com.tr\/index.php\/wp-json\/wp\/v2\/pages\/570","targetHints":{"allow":["GET"]}}],"collection":[{"href":"https:\/\/www.galerisuart.com.tr\/index.php\/wp-json\/wp\/v2\/pages"}],"about":[{"href":"https:\/\/www.galerisuart.com.tr\/index.php\/wp-json\/wp\/v2\/types\/page"}],"author":[{"embeddable":true,"href":"https:\/\/www.galerisuart.com.tr\/index.php\/wp-json\/wp\/v2\/users\/1"}],"replies":[{"embeddable":true,"href":"https:\/\/www.galerisuart.com.tr\/index.php\/wp-json\/wp\/v2\/comments?post=570"}],"version-history":[{"count":16,"href":"https:\/\/www.galerisuart.com.tr\/index.php\/wp-json\/wp\/v2\/pages\/570\/revisions"}],"predecessor-version":[{"id":1794,"href":"https:\/\/www.galerisuart.com.tr\/index.php\/wp-json\/wp\/v2\/pages\/570\/revisions\/1794"}],"up":[{"embeddable":true,"href":"https:\/\/www.galerisuart.com.tr\/index.php\/wp-json\/wp\/v2\/pages\/126"}],"wp:featuredmedia":[{"embeddable":true,"href":"https:\/\/www.galerisuart.com.tr\/index.php\/wp-json\/wp\/v2\/media\/571"}],"wp:attachment":[{"href":"https:\/\/www.galerisuart.com.tr\/index.php\/wp-json\/wp\/v2\/media?parent=570"}],"curies":[{"name":"wp","href":"https:\/\/api.w.org\/{rel}","templated":true}]}}