{"id":253,"date":"2026-02-27T14:25:37","date_gmt":"2026-02-27T11:25:37","guid":{"rendered":"https:\/\/www.galerisuart.com.tr\/?page_id=253"},"modified":"2026-04-20T11:09:14","modified_gmt":"2026-04-20T08:09:14","slug":"derya-yildiz","status":"publish","type":"page","link":"https:\/\/www.galerisuart.com.tr\/index.php\/sanatcilar\/derya-yildiz\/","title":{"rendered":"Derya YILDIZ"},"content":{"rendered":"<style>.elementor-253 .elementor-element.elementor-element-7b13d121{--display:flex;--flex-direction:row;--container-widget-width:initial;--container-widget-height:100%;--container-widget-flex-grow:1;--container-widget-align-self:stretch;--flex-wrap-mobile:wrap;--gap:35px 35px;--row-gap:35px;--column-gap:35px;--margin-top:0em;--margin-bottom:0em;--margin-left:0em;--margin-right:0em;--padding-top:1em;--padding-bottom:1em;--padding-left:1em;--padding-right:1em;}.elementor-253 .elementor-element.elementor-element-6c40089c{--display:flex;}.elementor-253 .elementor-element.elementor-element-7a6dbd8b img{width:100%;max-width:100%;height:66vh;object-fit:cover;object-position:center right;}.elementor-253 .elementor-element.elementor-element-360d57e1{--display:flex;--justify-content:flex-end;}.elementor-253 .elementor-element.elementor-element-5ea74fbc .elementor-heading-title{font-family:\"Poiret One\", Sans-serif;font-size:3.7rem;font-weight:600;line-height:1.2em;}.elementor-253 .elementor-element.elementor-element-5ea74fbc{width:var( --container-widget-width, 89% );max-width:89%;--container-widget-width:89%;--container-widget-flex-grow:0;}.elementor-253 .elementor-element.elementor-element-e9e4c26{--display:flex;--flex-direction:column;--container-widget-width:100%;--container-widget-height:initial;--container-widget-flex-grow:0;--container-widget-align-self:initial;--flex-wrap-mobile:wrap;}.elementor-253 .elementor-element.elementor-element-e9e4c26:not(.elementor-motion-effects-element-type-background), .elementor-253 .elementor-element.elementor-element-e9e4c26 > .elementor-motion-effects-container > .elementor-motion-effects-layer{background-color:#000000;}.elementor-253 .elementor-element.elementor-element-2c4d44d{--spacer-size:50px;}.elementor-253 .elementor-element.elementor-element-fb5f173{--display:grid;--e-con-grid-template-columns:repeat(4, 1fr);--e-con-grid-template-rows:repeat(2, 1fr);--gap:15px 15px;--row-gap:15px;--column-gap:15px;--grid-auto-flow:row;}.elementor-253 .elementor-element.elementor-element-fb5f173.e-con{--flex-grow:0;--flex-shrink:0;}.elementor-253 .elementor-element.elementor-element-e5c6ad5{--display:flex;--min-height:150px;--justify-content:flex-start;--gap:0px 0px;--row-gap:0px;--column-gap:0px;--overlay-opacity:1;box-shadow:0px 0px 10px 0px rgba(255, 255, 255, 0.74);--padding-top:23px;--padding-bottom:23px;--padding-left:23px;--padding-right:23px;}.elementor-253 .elementor-element.elementor-element-e5c6ad5::before, .elementor-253 .elementor-element.elementor-element-e5c6ad5 > .elementor-background-video-container::before, .elementor-253 .elementor-element.elementor-element-e5c6ad5 > .e-con-inner > .elementor-background-video-container::before, .elementor-253 .elementor-element.elementor-element-e5c6ad5 > .elementor-background-slideshow::before, .elementor-253 .elementor-element.elementor-element-e5c6ad5 > .e-con-inner > .elementor-background-slideshow::before, .elementor-253 .elementor-element.elementor-element-e5c6ad5 > .elementor-motion-effects-container > .elementor-motion-effects-layer::before{--background-overlay:'';background-color:#D5D5D5;}.elementor-253 .elementor-element.elementor-element-e5c6ad5.e-con{--flex-grow:1;--flex-shrink:0;}.elementor-253 .elementor-element.elementor-element-19f5efc img{width:100%;height:190px;object-fit:cover;object-position:center center;border-style:double;border-width:7px 7px 7px 7px;border-color:#000000;}.elementor-253 .elementor-element.elementor-element-f980b8d .elementor-heading-title{font-family:\"Montserrat\", Sans-serif;font-size:14px;font-weight:900;}.elementor-253 .elementor-element.elementor-element-11a4432{text-align:center;}.elementor-253 .elementor-element.elementor-element-11a4432 .elementor-heading-title{font-size:21px;font-weight:600;color:#000000;}.elementor-253 .elementor-element.elementor-element-9eff06f{text-align:center;}.elementor-253 .elementor-element.elementor-element-9eff06f .elementor-heading-title{font-family:\"Trebuchet MS\", Sans-serif;font-size:14px;letter-spacing:-0.3px;color:#000000;}.elementor-253 .elementor-element.elementor-element-adbb46f{--display:flex;--min-height:150px;--justify-content:flex-start;--gap:0px 0px;--row-gap:0px;--column-gap:0px;--overlay-opacity:1;box-shadow:0px 0px 10px 0px rgba(255, 255, 255, 0.74);--padding-top:23px;--padding-bottom:23px;--padding-left:23px;--padding-right:23px;}.elementor-253 .elementor-element.elementor-element-adbb46f::before, .elementor-253 .elementor-element.elementor-element-adbb46f > .elementor-background-video-container::before, .elementor-253 .elementor-element.elementor-element-adbb46f > .e-con-inner > .elementor-background-video-container::before, .elementor-253 .elementor-element.elementor-element-adbb46f > .elementor-background-slideshow::before, .elementor-253 .elementor-element.elementor-element-adbb46f > .e-con-inner > .elementor-background-slideshow::before, .elementor-253 .elementor-element.elementor-element-adbb46f > .elementor-motion-effects-container > .elementor-motion-effects-layer::before{--background-overlay:'';background-color:#D5D5D5;}.elementor-253 .elementor-element.elementor-element-adbb46f.e-con{--flex-grow:1;--flex-shrink:0;}.elementor-253 .elementor-element.elementor-element-61bde8b img{width:100%;height:190px;object-fit:cover;object-position:center center;border-style:double;border-width:7px 7px 7px 7px;border-color:#000000;}.elementor-253 .elementor-element.elementor-element-e0c1f24 .elementor-heading-title{font-family:\"Montserrat\", Sans-serif;font-size:14px;font-weight:900;}.elementor-253 .elementor-element.elementor-element-ecc4e86{text-align:center;}.elementor-253 .elementor-element.elementor-element-ecc4e86 .elementor-heading-title{font-size:21px;font-weight:600;color:#000000;}.elementor-253 .elementor-element.elementor-element-091f77f{text-align:center;}.elementor-253 .elementor-element.elementor-element-091f77f .elementor-heading-title{font-family:\"Trebuchet MS\", Sans-serif;font-size:14px;letter-spacing:-0.3px;color:#000000;}.elementor-253 .elementor-element.elementor-element-e7421c3{--display:flex;--min-height:150px;--justify-content:flex-start;--gap:0px 0px;--row-gap:0px;--column-gap:0px;--overlay-opacity:1;box-shadow:0px 0px 10px 0px rgba(255, 255, 255, 0.74);--padding-top:23px;--padding-bottom:23px;--padding-left:23px;--padding-right:23px;}.elementor-253 .elementor-element.elementor-element-e7421c3::before, .elementor-253 .elementor-element.elementor-element-e7421c3 > .elementor-background-video-container::before, .elementor-253 .elementor-element.elementor-element-e7421c3 > .e-con-inner > .elementor-background-video-container::before, .elementor-253 .elementor-element.elementor-element-e7421c3 > .elementor-background-slideshow::before, .elementor-253 .elementor-element.elementor-element-e7421c3 > .e-con-inner > .elementor-background-slideshow::before, .elementor-253 .elementor-element.elementor-element-e7421c3 > .elementor-motion-effects-container > .elementor-motion-effects-layer::before{--background-overlay:'';background-color:#D5D5D5;}.elementor-253 .elementor-element.elementor-element-e7421c3.e-con{--flex-grow:1;--flex-shrink:0;}.elementor-253 .elementor-element.elementor-element-4d8732d img{width:100%;height:190px;object-fit:cover;object-position:center center;border-style:double;border-width:7px 7px 7px 7px;border-color:#000000;}.elementor-253 .elementor-element.elementor-element-3e1539c .elementor-heading-title{font-family:\"Montserrat\", Sans-serif;font-size:14px;font-weight:900;}.elementor-253 .elementor-element.elementor-element-64aa38c{text-align:center;}.elementor-253 .elementor-element.elementor-element-64aa38c .elementor-heading-title{font-size:21px;font-weight:600;color:#000000;}.elementor-253 .elementor-element.elementor-element-c5c8953{text-align:center;}.elementor-253 .elementor-element.elementor-element-c5c8953 .elementor-heading-title{font-family:\"Trebuchet MS\", Sans-serif;font-size:14px;letter-spacing:-0.3px;color:#000000;}@media(max-width:1024px){.elementor-253 .elementor-element.elementor-element-7b13d121{--flex-direction:column;--container-widget-width:100%;--container-widget-height:initial;--container-widget-flex-grow:0;--container-widget-align-self:initial;--flex-wrap-mobile:wrap;--margin-top:0em;--margin-bottom:0em;--margin-left:0em;--margin-right:0em;--padding-top:0em;--padding-bottom:3em;--padding-left:1em;--padding-right:1em;}.elementor-253 .elementor-element.elementor-element-7a6dbd8b img{height:53vh;object-position:top left;}.elementor-253 .elementor-element.elementor-element-5ea74fbc .elementor-heading-title{font-size:3.5rem;line-height:1.2em;}.elementor-253 .elementor-element.elementor-element-fb5f173{--grid-auto-flow:row;}}@media(max-width:767px){.elementor-253 .elementor-element.elementor-element-7b13d121{--width:100%;}.elementor-253 .elementor-element.elementor-element-6c40089c{--width:100%;}.elementor-253 .elementor-element.elementor-element-7a6dbd8b img{height:57vh;object-position:center center;}.elementor-253 .elementor-element.elementor-element-5ea74fbc .elementor-heading-title{font-size:2.5rem;line-height:1.2em;}.elementor-253 .elementor-element.elementor-element-5ea74fbc{--container-widget-width:100%;--container-widget-flex-grow:0;width:var( --container-widget-width, 100% );max-width:100%;}.elementor-253 .elementor-element.elementor-element-fb5f173{--e-con-grid-template-columns:repeat(1, 1fr);--grid-auto-flow:row;}}@media(min-width:768px){.elementor-253 .elementor-element.elementor-element-6c40089c{--width:50%;}.elementor-253 .elementor-element.elementor-element-360d57e1{--width:50%;}.elementor-253 .elementor-element.elementor-element-e9e4c26{--content-width:95%;}.elementor-253 .elementor-element.elementor-element-fb5f173{--width:100%;}}@media(max-width:1024px) and (min-width:768px){.elementor-253 .elementor-element.elementor-element-6c40089c{--width:100%;}.elementor-253 .elementor-element.elementor-element-360d57e1{--width:100%;}}<\/style>\t\t<div data-elementor-type=\"wp-page\" data-elementor-id=\"253\" class=\"elementor elementor-253\" data-elementor-post-type=\"page\">\n\t\t\t\t<div class=\"elementor-element elementor-element-7b13d121 e-con-full e-flex e-con e-parent\" data-id=\"7b13d121\" data-element_type=\"container\" data-e-type=\"container\">\n\t\t<div class=\"elementor-element elementor-element-6c40089c e-con-full e-flex e-con e-child\" data-id=\"6c40089c\" data-element_type=\"container\" data-e-type=\"container\">\n\t\t\t\t<div class=\"elementor-element elementor-element-7a6dbd8b elementor-widget elementor-widget-image\" data-id=\"7a6dbd8b\" data-element_type=\"widget\" data-e-type=\"widget\" data-widget_type=\"image.default\">\n\t\t\t\t\t\t\t\t\t\t\t\t\t\t\t<img fetchpriority=\"high\" decoding=\"async\" width=\"2068\" height=\"2140\" src=\"https:\/\/www.galerisuart.com.tr\/wp-content\/uploads\/2026\/02\/Derya-YILDIZ-25-X25-T.UAK_.B.jpg\" class=\"attachment-full size-full wp-image-254\" alt=\"\" srcset=\"https:\/\/www.galerisuart.com.tr\/wp-content\/uploads\/2026\/02\/Derya-YILDIZ-25-X25-T.UAK_.B.jpg 2068w, https:\/\/www.galerisuart.com.tr\/wp-content\/uploads\/2026\/02\/Derya-YILDIZ-25-X25-T.UAK_.B-290x300.jpg 290w, https:\/\/www.galerisuart.com.tr\/wp-content\/uploads\/2026\/02\/Derya-YILDIZ-25-X25-T.UAK_.B-990x1024.jpg 990w, https:\/\/www.galerisuart.com.tr\/wp-content\/uploads\/2026\/02\/Derya-YILDIZ-25-X25-T.UAK_.B-768x795.jpg 768w, https:\/\/www.galerisuart.com.tr\/wp-content\/uploads\/2026\/02\/Derya-YILDIZ-25-X25-T.UAK_.B-1484x1536.jpg 1484w, https:\/\/www.galerisuart.com.tr\/wp-content\/uploads\/2026\/02\/Derya-YILDIZ-25-X25-T.UAK_.B-1979x2048.jpg 1979w\" sizes=\"(max-width: 2068px) 100vw, 2068px\" \/>\t\t\t\t\t\t\t\t\t\t\t\t\t\t\t<\/div>\n\t\t\t\t<\/div>\n\t\t<div class=\"elementor-element elementor-element-360d57e1 e-con-full e-flex e-con e-child\" data-id=\"360d57e1\" data-element_type=\"container\" data-e-type=\"container\">\n\t\t\t\t<div class=\"elementor-element elementor-element-5ea74fbc elementor-widget__width-initial elementor-invisible elementor-widget elementor-widget-heading\" data-id=\"5ea74fbc\" data-element_type=\"widget\" data-e-type=\"widget\" data-settings=\"{&quot;_animation&quot;:&quot;fadeInUp&quot;,&quot;_animation_delay&quot;:200}\" data-widget_type=\"heading.default\">\n\t\t\t\t\t<h1 class=\"elementor-heading-title elementor-size-default\">Derya YILDIZ<\/h1>\t\t\t\t<\/div>\n\t\t\t\t<\/div>\n\t\t\t\t<\/div>\n\t\t<div class=\"elementor-element elementor-element-e9e4c26 e-flex e-con-boxed e-con e-parent\" data-id=\"e9e4c26\" data-element_type=\"container\" data-e-type=\"container\" data-settings=\"{&quot;background_background&quot;:&quot;classic&quot;}\">\n\t\t\t\t\t<div class=\"e-con-inner\">\n\t\t\t\t<div class=\"elementor-element elementor-element-2c4d44d elementor-widget elementor-widget-spacer\" data-id=\"2c4d44d\" data-element_type=\"widget\" data-e-type=\"widget\" data-widget_type=\"spacer.default\">\n\t\t\t\t\t\t\t<div class=\"elementor-spacer\">\n\t\t\t<div class=\"elementor-spacer-inner\"><\/div>\n\t\t<\/div>\n\t\t\t\t\t\t<\/div>\n\t\t<div class=\"elementor-element elementor-element-fb5f173 e-grid e-con-full e-con e-child\" data-id=\"fb5f173\" data-element_type=\"container\" data-e-type=\"container\">\n\t\t<div class=\"elementor-element elementor-element-e5c6ad5 e-con-full e-flex e-con e-child\" data-id=\"e5c6ad5\" data-element_type=\"container\" data-e-type=\"container\">\n\t\t\t\t<div class=\"elementor-element elementor-element-19f5efc elementor-widget elementor-widget-image\" data-id=\"19f5efc\" data-element_type=\"widget\" data-e-type=\"widget\" data-widget_type=\"image.default\">\n\t\t\t\t\t\t\t\t\t\t\t\t\t\t\t\t<a href=\"https:\/\/www.galerisuart.com.tr\/wp-content\/uploads\/2026\/02\/Derya-YILDIZ-25-X25-T.UAK_.B.jpg\" data-elementor-open-lightbox=\"yes\" data-elementor-lightbox-title=\"Derya YILDIZ 25 X25 T.\u00dcAK.B.\" data-e-action-hash=\"#elementor-action%3Aaction%3Dlightbox%26settings%3DeyJpZCI6MjU0LCJ1cmwiOiJodHRwczpcL1wvd3d3LmdhbGVyaXN1YXJ0LmNvbS50clwvd3AtY29udGVudFwvdXBsb2Fkc1wvMjAyNlwvMDJcL0RlcnlhLVlJTERJWi0yNS1YMjUtVC5VQUtfLkIuanBnIn0%3D\">\n\t\t\t\t\t\t\t<img decoding=\"async\" width=\"800\" height=\"827\" src=\"https:\/\/www.galerisuart.com.tr\/wp-content\/uploads\/2026\/02\/Derya-YILDIZ-25-X25-T.UAK_.B-990x1024.jpg\" class=\"attachment-large size-large wp-image-254\" alt=\"\" srcset=\"https:\/\/www.galerisuart.com.tr\/wp-content\/uploads\/2026\/02\/Derya-YILDIZ-25-X25-T.UAK_.B-990x1024.jpg 990w, https:\/\/www.galerisuart.com.tr\/wp-content\/uploads\/2026\/02\/Derya-YILDIZ-25-X25-T.UAK_.B-290x300.jpg 290w, https:\/\/www.galerisuart.com.tr\/wp-content\/uploads\/2026\/02\/Derya-YILDIZ-25-X25-T.UAK_.B-768x795.jpg 768w, https:\/\/www.galerisuart.com.tr\/wp-content\/uploads\/2026\/02\/Derya-YILDIZ-25-X25-T.UAK_.B-1484x1536.jpg 1484w, https:\/\/www.galerisuart.com.tr\/wp-content\/uploads\/2026\/02\/Derya-YILDIZ-25-X25-T.UAK_.B-1979x2048.jpg 1979w\" sizes=\"(max-width: 800px) 100vw, 800px\" \/>\t\t\t\t\t\t\t\t<\/a>\n\t\t\t\t\t\t\t\t\t\t\t\t\t\t\t<\/div>\n\t\t\t\t<div class=\"elementor-element elementor-element-f980b8d elementor-widget elementor-widget-heading\" data-id=\"f980b8d\" data-element_type=\"widget\" data-e-type=\"widget\" data-widget_type=\"heading.default\">\n\t\t\t\t\t<h1 class=\"elementor-heading-title elementor-size-default\">No:1<\/h1>\t\t\t\t<\/div>\n\t\t\t\t<div class=\"elementor-element elementor-element-11a4432 elementor-widget elementor-widget-heading\" data-id=\"11a4432\" data-element_type=\"widget\" data-e-type=\"widget\" data-widget_type=\"heading.default\">\n\t\t\t\t\t<h2 class=\"elementor-heading-title elementor-size-default\">Derya YILDIZ<\/h2>\t\t\t\t<\/div>\n\t\t\t\t<div class=\"elementor-element elementor-element-9eff06f elementor-widget elementor-widget-heading\" data-id=\"9eff06f\" data-element_type=\"widget\" data-e-type=\"widget\" data-widget_type=\"heading.default\">\n\t\t\t\t\t<p class=\"elementor-heading-title elementor-size-default\">25 X25 T.\u00dcAK.B...<\/p>\t\t\t\t<\/div>\n\t\t\t\t<\/div>\n\t\t<div class=\"elementor-element elementor-element-adbb46f e-con-full e-flex e-con e-child\" data-id=\"adbb46f\" data-element_type=\"container\" data-e-type=\"container\">\n\t\t\t\t<div class=\"elementor-element elementor-element-61bde8b elementor-widget elementor-widget-image\" data-id=\"61bde8b\" data-element_type=\"widget\" data-e-type=\"widget\" data-widget_type=\"image.default\">\n\t\t\t\t\t\t\t\t\t\t\t\t\t\t\t\t<a href=\"https:\/\/www.galerisuart.com.tr\/wp-content\/uploads\/2026\/02\/Derya-YILDIZ-25-X25-T.UAK_.B-1.jpg\" data-elementor-open-lightbox=\"yes\" data-elementor-lightbox-title=\"Derya YILDIZ 25 X25 T.\u00dcAK.B...\" data-e-action-hash=\"#elementor-action%3Aaction%3Dlightbox%26settings%3DeyJpZCI6MjU2LCJ1cmwiOiJodHRwczpcL1wvd3d3LmdhbGVyaXN1YXJ0LmNvbS50clwvd3AtY29udGVudFwvdXBsb2Fkc1wvMjAyNlwvMDJcL0RlcnlhLVlJTERJWi0yNS1YMjUtVC5VQUtfLkItMS5qcGcifQ%3D%3D\">\n\t\t\t\t\t\t\t<img decoding=\"async\" width=\"800\" height=\"809\" src=\"https:\/\/www.galerisuart.com.tr\/wp-content\/uploads\/2026\/02\/Derya-YILDIZ-25-X25-T.UAK_.B-1-1013x1024.jpg\" class=\"attachment-large size-large wp-image-256\" alt=\"\" srcset=\"https:\/\/www.galerisuart.com.tr\/wp-content\/uploads\/2026\/02\/Derya-YILDIZ-25-X25-T.UAK_.B-1-1013x1024.jpg 1013w, https:\/\/www.galerisuart.com.tr\/wp-content\/uploads\/2026\/02\/Derya-YILDIZ-25-X25-T.UAK_.B-1-297x300.jpg 297w, https:\/\/www.galerisuart.com.tr\/wp-content\/uploads\/2026\/02\/Derya-YILDIZ-25-X25-T.UAK_.B-1-768x777.jpg 768w, https:\/\/www.galerisuart.com.tr\/wp-content\/uploads\/2026\/02\/Derya-YILDIZ-25-X25-T.UAK_.B-1-1519x1536.jpg 1519w, https:\/\/www.galerisuart.com.tr\/wp-content\/uploads\/2026\/02\/Derya-YILDIZ-25-X25-T.UAK_.B-1-2025x2048.jpg 2025w\" sizes=\"(max-width: 800px) 100vw, 800px\" \/>\t\t\t\t\t\t\t\t<\/a>\n\t\t\t\t\t\t\t\t\t\t\t\t\t\t\t<\/div>\n\t\t\t\t<div class=\"elementor-element elementor-element-e0c1f24 elementor-widget elementor-widget-heading\" data-id=\"e0c1f24\" data-element_type=\"widget\" data-e-type=\"widget\" data-widget_type=\"heading.default\">\n\t\t\t\t\t<h1 class=\"elementor-heading-title elementor-size-default\">No:2<\/h1>\t\t\t\t<\/div>\n\t\t\t\t<div class=\"elementor-element elementor-element-ecc4e86 elementor-widget elementor-widget-heading\" data-id=\"ecc4e86\" data-element_type=\"widget\" data-e-type=\"widget\" data-widget_type=\"heading.default\">\n\t\t\t\t\t<h2 class=\"elementor-heading-title elementor-size-default\">Derya YILDIZ<\/h2>\t\t\t\t<\/div>\n\t\t\t\t<div class=\"elementor-element elementor-element-091f77f elementor-widget elementor-widget-heading\" data-id=\"091f77f\" data-element_type=\"widget\" data-e-type=\"widget\" data-widget_type=\"heading.default\">\n\t\t\t\t\t<p class=\"elementor-heading-title elementor-size-default\">25 X25 T.\u00dcAK.B...<\/p>\t\t\t\t<\/div>\n\t\t\t\t<\/div>\n\t\t<div class=\"elementor-element elementor-element-e7421c3 e-con-full e-flex e-con e-child\" data-id=\"e7421c3\" data-element_type=\"container\" data-e-type=\"container\">\n\t\t\t\t<div class=\"elementor-element elementor-element-4d8732d elementor-widget elementor-widget-image\" data-id=\"4d8732d\" data-element_type=\"widget\" data-e-type=\"widget\" data-widget_type=\"image.default\">\n\t\t\t\t\t\t\t\t\t\t\t\t\t\t\t\t<a href=\"https:\/\/www.galerisuart.com.tr\/wp-content\/uploads\/2026\/02\/Derya-YILDIZ-25-X25-T.UAK_.B.-.jpg\" data-elementor-open-lightbox=\"yes\" data-elementor-lightbox-title=\"Derya YILDIZ 25 X25 T.\u00dcAK.B.,.-\" data-e-action-hash=\"#elementor-action%3Aaction%3Dlightbox%26settings%3DeyJpZCI6MjU1LCJ1cmwiOiJodHRwczpcL1wvd3d3LmdhbGVyaXN1YXJ0LmNvbS50clwvd3AtY29udGVudFwvdXBsb2Fkc1wvMjAyNlwvMDJcL0RlcnlhLVlJTERJWi0yNS1YMjUtVC5VQUtfLkIuLS5qcGcifQ%3D%3D\">\n\t\t\t\t\t\t\t<img loading=\"lazy\" decoding=\"async\" width=\"800\" height=\"809\" src=\"https:\/\/www.galerisuart.com.tr\/wp-content\/uploads\/2026\/02\/Derya-YILDIZ-25-X25-T.UAK_.B.--1013x1024.jpg\" class=\"attachment-large size-large wp-image-255\" alt=\"\" srcset=\"https:\/\/www.galerisuart.com.tr\/wp-content\/uploads\/2026\/02\/Derya-YILDIZ-25-X25-T.UAK_.B.--1013x1024.jpg 1013w, https:\/\/www.galerisuart.com.tr\/wp-content\/uploads\/2026\/02\/Derya-YILDIZ-25-X25-T.UAK_.B.--297x300.jpg 297w, https:\/\/www.galerisuart.com.tr\/wp-content\/uploads\/2026\/02\/Derya-YILDIZ-25-X25-T.UAK_.B.--768x776.jpg 768w, https:\/\/www.galerisuart.com.tr\/wp-content\/uploads\/2026\/02\/Derya-YILDIZ-25-X25-T.UAK_.B.--1519x1536.jpg 1519w, https:\/\/www.galerisuart.com.tr\/wp-content\/uploads\/2026\/02\/Derya-YILDIZ-25-X25-T.UAK_.B.--2026x2048.jpg 2026w\" sizes=\"(max-width: 800px) 100vw, 800px\" \/>\t\t\t\t\t\t\t\t<\/a>\n\t\t\t\t\t\t\t\t\t\t\t\t\t\t\t<\/div>\n\t\t\t\t<div class=\"elementor-element elementor-element-3e1539c elementor-widget elementor-widget-heading\" data-id=\"3e1539c\" data-element_type=\"widget\" data-e-type=\"widget\" data-widget_type=\"heading.default\">\n\t\t\t\t\t<h1 class=\"elementor-heading-title elementor-size-default\">No:3<\/h1>\t\t\t\t<\/div>\n\t\t\t\t<div class=\"elementor-element elementor-element-64aa38c elementor-widget elementor-widget-heading\" data-id=\"64aa38c\" data-element_type=\"widget\" data-e-type=\"widget\" data-widget_type=\"heading.default\">\n\t\t\t\t\t<h2 class=\"elementor-heading-title elementor-size-default\">Derya YILDIZ<\/h2>\t\t\t\t<\/div>\n\t\t\t\t<div class=\"elementor-element elementor-element-c5c8953 elementor-widget elementor-widget-heading\" data-id=\"c5c8953\" data-element_type=\"widget\" data-e-type=\"widget\" data-widget_type=\"heading.default\">\n\t\t\t\t\t<p class=\"elementor-heading-title elementor-size-default\">25 X25 T.\u00dcAK.B...<\/p>\t\t\t\t<\/div>\n\t\t\t\t<\/div>\n\t\t\t\t<\/div>\n\t\t\t\t\t<\/div>\n\t\t\t\t<\/div>\n\t\t\t\t<\/div>\n\t\t","protected":false},"excerpt":{"rendered":"<p>No:1 25 X25 T.\u00dcAK.B&#8230; No:2 25 X25 T.\u00dcAK.B&#8230; No:3 25 X25 T.\u00dcAK.B&#8230;<\/p>\n","protected":false},"author":1,"featured_media":254,"parent":126,"menu_order":0,"comment_status":"closed","ping_status":"closed","template":"","meta":{"footnotes":""},"class_list":["post-253","page","type-page","status-publish","has-post-thumbnail","hentry"],"_links":{"self":[{"href":"https:\/\/www.galerisuart.com.tr\/index.php\/wp-json\/wp\/v2\/pages\/253","targetHints":{"allow":["GET"]}}],"collection":[{"href":"https:\/\/www.galerisuart.com.tr\/index.php\/wp-json\/wp\/v2\/pages"}],"about":[{"href":"https:\/\/www.galerisuart.com.tr\/index.php\/wp-json\/wp\/v2\/types\/page"}],"author":[{"embeddable":true,"href":"https:\/\/www.galerisuart.com.tr\/index.php\/wp-json\/wp\/v2\/users\/1"}],"replies":[{"embeddable":true,"href":"https:\/\/www.galerisuart.com.tr\/index.php\/wp-json\/wp\/v2\/comments?post=253"}],"version-history":[{"count":19,"href":"https:\/\/www.galerisuart.com.tr\/index.php\/wp-json\/wp\/v2\/pages\/253\/revisions"}],"predecessor-version":[{"id":1785,"href":"https:\/\/www.galerisuart.com.tr\/index.php\/wp-json\/wp\/v2\/pages\/253\/revisions\/1785"}],"up":[{"embeddable":true,"href":"https:\/\/www.galerisuart.com.tr\/index.php\/wp-json\/wp\/v2\/pages\/126"}],"wp:featuredmedia":[{"embeddable":true,"href":"https:\/\/www.galerisuart.com.tr\/index.php\/wp-json\/wp\/v2\/media\/254"}],"wp:attachment":[{"href":"https:\/\/www.galerisuart.com.tr\/index.php\/wp-json\/wp\/v2\/media?parent=253"}],"curies":[{"name":"wp","href":"https:\/\/api.w.org\/{rel}","templated":true}]}}