{"id":1361,"date":"2026-03-24T16:23:35","date_gmt":"2026-03-24T13:23:35","guid":{"rendered":"https:\/\/www.galerisuart.com.tr\/?page_id=1361"},"modified":"2026-03-24T16:24:41","modified_gmt":"2026-03-24T13:24:41","slug":"kvkk-aydinlatma-metni","status":"publish","type":"page","link":"https:\/\/www.galerisuart.com.tr\/index.php\/kvkk-aydinlatma-metni\/","title":{"rendered":"KVKK Ayd\u0131nlatma Metni"},"content":{"rendered":"<style>.elementor-1361 .elementor-element.elementor-element-65da77f{--display:flex;--flex-direction:column;--container-widget-width:100%;--container-widget-height:initial;--container-widget-flex-grow:0;--container-widget-align-self:initial;--flex-wrap-mobile:wrap;}<\/style>\t\t<div data-elementor-type=\"wp-page\" data-elementor-id=\"1361\" class=\"elementor elementor-1361\" data-elementor-post-type=\"page\">\n\t\t\t\t<div class=\"elementor-element elementor-element-65da77f e-flex e-con-boxed e-con e-parent\" data-id=\"65da77f\" data-element_type=\"container\" data-e-type=\"container\">\n\t\t\t\t\t<div class=\"e-con-inner\">\n\t\t\t\t<div class=\"elementor-element elementor-element-12c98d3 elementor-widget elementor-widget-text-editor\" data-id=\"12c98d3\" data-element_type=\"widget\" data-e-type=\"widget\" data-widget_type=\"text-editor.default\">\n\t\t\t\t\t\t\t\t\t<h3 style=\"text-align: center;\" data-section-id=\"gbw1ln\" data-start=\"165\" data-end=\"230\"><span role=\"text\"><strong data-start=\"169\" data-end=\"230\">K\u0130\u015e\u0130SEL VER\u0130LER\u0130N KORUNMASI VE \u0130\u015eLENMES\u0130 AYDINLATMA METN\u0130<\/strong><\/span><\/h3>\n<p data-start=\"232\" data-end=\"337\"><strong data-start=\"232\" data-end=\"251\">Veri Sorumlusu:<\/strong><br data-start=\"251\" data-end=\"254\" \/>Galeri Suart Online<br data-start=\"273\" data-end=\"276\" \/>E-posta: <a class=\"decorated-link cursor-pointer\" rel=\"noopener\" data-start=\"285\" data-end=\"306\">galerisuart@gmail.com<\/a><br data-start=\"306\" data-end=\"309\" \/>Telefon: +90 533 652 51 41<\/p>\n<hr data-start=\"339\" data-end=\"342\" \/>\n<h4 data-start=\"344\" data-end=\"397\"><span role=\"text\"><strong data-start=\"349\" data-end=\"397\">1. Ki\u015fisel Verilerin Toplanmas\u0131 ve \u0130\u015flenmesi<\/strong><\/span><\/h4>\n<p data-start=\"399\" data-end=\"656\">Galeri Suart Online olarak, m\u00fc\u015fterilerimize daha iyi hizmet sunabilmek amac\u0131yla ad, soyad, telefon numaras\u0131, e-posta adresi gibi ki\u015fisel verilerinizi; web sitemiz, ileti\u015fim formlar\u0131m\u0131z, sipari\u015f s\u00fcre\u00e7leri ve di\u011fer dijital kanallar arac\u0131l\u0131\u011f\u0131yla toplamaktay\u0131z.<\/p>\n<p data-start=\"658\" data-end=\"807\">Toplanan bu veriler, 6698 say\u0131l\u0131 Ki\u015fisel Verilerin Korunmas\u0131 Kanunu (\u201cKVKK\u201d) kapsam\u0131nda, hukuka ve d\u00fcr\u00fcstl\u00fck kurallar\u0131na uygun \u015fekilde i\u015flenmektedir.<\/p>\n<hr data-start=\"809\" data-end=\"812\" \/>\n<h4 data-start=\"814\" data-end=\"860\"><span role=\"text\"><strong data-start=\"819\" data-end=\"860\">2. Ki\u015fisel Verilerin \u0130\u015flenme Ama\u00e7lar\u0131<\/strong><\/span><\/h4>\n<p data-start=\"862\" data-end=\"925\">Toplanan ki\u015fisel verileriniz a\u015fa\u011f\u0131daki ama\u00e7larla i\u015flenmektedir:<\/p>\n<ul data-start=\"927\" data-end=\"1142\">\n<li data-section-id=\"1odlvj2\" data-start=\"927\" data-end=\"963\">Sipari\u015f s\u00fcre\u00e7lerinin y\u00fcr\u00fct\u00fclmesi<\/li>\n<li data-section-id=\"11p3ups\" data-start=\"964\" data-end=\"1001\">M\u00fc\u015fteri taleplerinin kar\u015f\u0131lanmas\u0131<\/li>\n<li data-section-id=\"1joxq8a\" data-start=\"1002\" data-end=\"1056\">\u00dcr\u00fcn ve hizmetler hakk\u0131nda bilgilendirme yap\u0131lmas\u0131<\/li>\n<li data-section-id=\"hfckwq\" data-start=\"1057\" data-end=\"1097\">\u0130leti\u015fim faaliyetlerinin y\u00fcr\u00fct\u00fclmesi<\/li>\n<li data-section-id=\"12vypo0\" data-start=\"1098\" data-end=\"1142\">Yasal y\u00fck\u00fcml\u00fcl\u00fcklerin yerine getirilmesi<\/li>\n<\/ul>\n<hr data-start=\"1144\" data-end=\"1147\" \/>\n<h4 data-start=\"1149\" data-end=\"1190\"><span role=\"text\"><strong data-start=\"1154\" data-end=\"1190\">3. Ki\u015fisel Verilerin Aktar\u0131lmas\u0131<\/strong><\/span><\/h4>\n<p data-start=\"1192\" data-end=\"1288\">Ki\u015fisel verileriniz, yaln\u0131zca yukar\u0131da belirtilen ama\u00e7lar do\u011frultusunda ve KVKK\u2019ya uygun olarak:<\/p>\n<ul data-start=\"1290\" data-end=\"1392\">\n<li data-section-id=\"163wdv0\" data-start=\"1290\" data-end=\"1329\">Yetkili kamu kurum ve kurulu\u015flar\u0131na<\/li>\n<li data-section-id=\"twfl1t\" data-start=\"1330\" data-end=\"1392\">Hizmet ald\u0131\u011f\u0131m\u0131z i\u015f ortaklar\u0131na (kargo, \u00f6deme altyap\u0131s\u0131 vb.)<\/li>\n<\/ul>\n<p data-start=\"1394\" data-end=\"1408\">aktar\u0131labilir.<\/p>\n<hr data-start=\"1410\" data-end=\"1413\" \/>\n<h4 data-start=\"1415\" data-end=\"1460\"><span role=\"text\"><strong data-start=\"1420\" data-end=\"1460\">4. Ki\u015fisel Verilerin Saklanma S\u00fcresi<\/strong><\/span><\/h4>\n<p data-start=\"1462\" data-end=\"1653\">Ki\u015fisel verileriniz, ilgili mevzuatta \u00f6ng\u00f6r\u00fclen s\u00fcreler boyunca veya i\u015fleme amac\u0131n\u0131n gerektirdi\u011fi s\u00fcre kadar saklan\u0131r. S\u00fcre sonunda verileriniz silinir, yok edilir veya anonim hale getirilir.<\/p>\n<hr data-start=\"1655\" data-end=\"1658\" \/>\n<h4 data-start=\"1660\" data-end=\"1694\"><span role=\"text\"><strong data-start=\"1665\" data-end=\"1694\">5. Veri Sahibinin Haklar\u0131<\/strong><\/span><\/h4>\n<p data-start=\"1696\" data-end=\"1778\">KVKK\u2019n\u0131n 11. maddesi uyar\u0131nca, veri sahipleri olarak a\u015fa\u011f\u0131daki haklara sahipsiniz:<\/p>\n<ul data-start=\"1780\" data-end=\"2347\">\n<li data-section-id=\"2oipf7\" data-start=\"1780\" data-end=\"1835\">Ki\u015fisel verilerinizin i\u015flenip i\u015flenmedi\u011fini \u00f6\u011frenme<\/li>\n<li data-section-id=\"mdw8ie\" data-start=\"1836\" data-end=\"1880\">\u0130\u015flenmi\u015fse buna ili\u015fkin bilgi talep etme<\/li>\n<li data-section-id=\"dtwxcl\" data-start=\"1881\" data-end=\"1951\">\u0130\u015flenme amac\u0131n\u0131 ve amaca uygun kullan\u0131l\u0131p kullan\u0131lmad\u0131\u011f\u0131n\u0131 \u00f6\u011frenme<\/li>\n<li data-section-id=\"t9xvan\" data-start=\"1952\" data-end=\"2019\">Yurt i\u00e7inde veya yurt d\u0131\u015f\u0131nda aktar\u0131ld\u0131\u011f\u0131 \u00fc\u00e7\u00fcnc\u00fc ki\u015fileri bilme<\/li>\n<li data-section-id=\"amr00o\" data-start=\"2020\" data-end=\"2074\">Eksik veya yanl\u0131\u015f i\u015flenmi\u015fse d\u00fczeltilmesini isteme<\/li>\n<li data-section-id=\"1kk64e6\" data-start=\"2075\" data-end=\"2121\">Silinmesini veya yok edilmesini talep etme<\/li>\n<li data-section-id=\"1oqxx3c\" data-start=\"2122\" data-end=\"2250\">\u0130\u015flenen verilerin otomatik sistemler arac\u0131l\u0131\u011f\u0131yla analiz edilmesi sonucu aleyhinize bir sonucun ortaya \u00e7\u0131kmas\u0131na itiraz etme<\/li>\n<li data-section-id=\"yjk0sc\" data-start=\"2251\" data-end=\"2347\">Kanuna ayk\u0131r\u0131 i\u015fleme nedeniyle zarara u\u011framan\u0131z halinde zarar\u0131n\u0131z\u0131n giderilmesini talep etme<\/li>\n<\/ul>\n<hr data-start=\"2349\" data-end=\"2352\" \/>\n<h4 data-start=\"2354\" data-end=\"2374\"><span role=\"text\"><strong data-start=\"2359\" data-end=\"2374\">6. \u0130leti\u015fim<\/strong><\/span><\/h4>\n<p data-start=\"2376\" data-end=\"2493\">KVKK kapsam\u0131ndaki haklar\u0131n\u0131z\u0131 kullanmak i\u00e7in bizimle a\u015fa\u011f\u0131daki ileti\u015fim bilgileri \u00fczerinden ileti\u015fime ge\u00e7ebilirsiniz:<\/p>\n<p data-start=\"2495\" data-end=\"2544\">\ud83d\udce7 <a class=\"decorated-link cursor-pointer\" rel=\"noopener\" data-start=\"2498\" data-end=\"2519\">galerisuart@gmail.com<\/a><br data-start=\"2519\" data-end=\"2522\" \/>\ud83d\udcde +90 533 652 51 41<\/p>\t\t\t\t\t\t\t\t<\/div>\n\t\t\t\t\t<\/div>\n\t\t\t\t<\/div>\n\t\t\t\t<\/div>\n\t\t","protected":false},"excerpt":{"rendered":"<p>K\u0130\u015e\u0130SEL VER\u0130LER\u0130N KORUNMASI VE \u0130\u015eLENMES\u0130 AYDINLATMA METN\u0130 Veri Sorumlusu:Galeri Suart OnlineE-posta: galerisuart@gmail.comTelefon: +90 533 652 51 41 1. Ki\u015fisel Verilerin Toplanmas\u0131 ve \u0130\u015flenmesi Galeri Suart Online olarak, m\u00fc\u015fterilerimize daha iyi hizmet sunabilmek amac\u0131yla ad, soyad, telefon numaras\u0131, e-posta adresi gibi ki\u015fisel verilerinizi; web sitemiz, ileti\u015fim formlar\u0131m\u0131z, sipari\u015f s\u00fcre\u00e7leri ve di\u011fer dijital kanallar arac\u0131l\u0131\u011f\u0131yla toplamaktay\u0131z. Toplanan [&hellip;]<\/p>\n","protected":false},"author":1,"featured_media":0,"parent":0,"menu_order":0,"comment_status":"closed","ping_status":"closed","template":"","meta":{"footnotes":""},"class_list":["post-1361","page","type-page","status-publish","hentry"],"_links":{"self":[{"href":"https:\/\/www.galerisuart.com.tr\/index.php\/wp-json\/wp\/v2\/pages\/1361","targetHints":{"allow":["GET"]}}],"collection":[{"href":"https:\/\/www.galerisuart.com.tr\/index.php\/wp-json\/wp\/v2\/pages"}],"about":[{"href":"https:\/\/www.galerisuart.com.tr\/index.php\/wp-json\/wp\/v2\/types\/page"}],"author":[{"embeddable":true,"href":"https:\/\/www.galerisuart.com.tr\/index.php\/wp-json\/wp\/v2\/users\/1"}],"replies":[{"embeddable":true,"href":"https:\/\/www.galerisuart.com.tr\/index.php\/wp-json\/wp\/v2\/comments?post=1361"}],"version-history":[{"count":4,"href":"https:\/\/www.galerisuart.com.tr\/index.php\/wp-json\/wp\/v2\/pages\/1361\/revisions"}],"predecessor-version":[{"id":1365,"href":"https:\/\/www.galerisuart.com.tr\/index.php\/wp-json\/wp\/v2\/pages\/1361\/revisions\/1365"}],"wp:attachment":[{"href":"https:\/\/www.galerisuart.com.tr\/index.php\/wp-json\/wp\/v2\/media?parent=1361"}],"curies":[{"name":"wp","href":"https:\/\/api.w.org\/{rel}","templated":true}]}}